{"id":273,"date":"2017-03-02T12:44:54","date_gmt":"2017-03-02T10:44:54","guid":{"rendered":"http:\/\/kivitasku.com\/english\/?page_id=273"},"modified":"2024-04-30T09:58:33","modified_gmt":"2024-04-30T06:58:33","slug":"parties-and-meetings","status":"publish","type":"page","link":"https:\/\/kivitasku.com\/english\/parties-and-meetings\/","title":{"rendered":"Parties \/ Meetings \/ For companies"},"content":{"rendered":"\t\t<div data-elementor-type=\"wp-page\" data-elementor-id=\"273\" class=\"elementor elementor-273\">\n\t\t\t\t\t\t<section class=\"elementor-section elementor-top-section elementor-element elementor-element-733577ee elementor-section-boxed elementor-section-height-default elementor-section-height-default\" data-id=\"733577ee\" data-element_type=\"section\" data-e-type=\"section\">\n\t\t\t\t\t\t<div class=\"elementor-container elementor-column-gap-default\">\n\t\t\t\t\t<div class=\"elementor-column elementor-col-100 elementor-top-column elementor-element elementor-element-7591a892\" data-id=\"7591a892\" data-element_type=\"column\" data-e-type=\"column\">\n\t\t\t<div class=\"elementor-widget-wrap elementor-element-populated\">\n\t\t\t\t\t\t<div class=\"elementor-element elementor-element-5128fb55 elementor-widget elementor-widget-text-editor\" data-id=\"5128fb55\" data-element_type=\"widget\" data-e-type=\"widget\" data-widget_type=\"text-editor.default\">\n\t\t\t\t<div class=\"elementor-widget-container\">\n\t\t\t\t\t\t\t\t\t<p><a href=\"http:\/\/kivitasku.com\/english\/mainpage\/\">Kivitasku<\/a> offers cozy surroundings, sauna and room for celebration with catering.<br \/>Kivitasku is different, atmospheric and memorable place in rural setting, in the lake area in Central Finland, Muurame. Villa Kivitasku is a unique wooden log house in a peaceful surroundings and it is excellent for all kinds of celebrations and meetings. Villa Kivitasku holds about 60 people. Through our service you can order catering with many different kind of tasty delicacies or you can arrange your own food service.<\/p><p>Kivitasku\u2019s atmospheric aspen log <a href=\"http:\/\/haikusauna.com\/\" target=\"_blank\" rel=\"noopener\">Haikusauna<\/a> is also a unique experience, which can accommodate about 25 bathers. From the sauna there is a lovely view to the lake Kalaj\u00e4rvi, where it is possible to swim.<br \/>Kivitasku also offers a cottage accommodation for 7-8 people.<\/p><ul><li>Celebration Villa Kivitasku, for up to 60 people<\/li><li>Outdoor sauna with a hot tub with nearby lake<\/li><li>Catering services available<\/li><li>At your disposal: Piano, Projector, Wi-Fi, Stereo, Kitchen<\/li><li>Big safe yard for outdoor activities<\/li><li>You can bring your own (alcoholic) drinks<\/li><li>Meet our sheep and chickens<\/li><\/ul><p>Inquiries by email or phone for more details and prices:<\/p><p>email: info(a)kivitasku.com\/english<\/p><p>phone: 050 5237740 Mella Nousiainen<\/p><p align=\"JUSTIFY\"><span style=\"font-family: Calibri Light, serif;\"><span style=\"font-size: medium;\">nquiries by email or phone for more details and prices:<\/span><\/span><\/p><p align=\"JUSTIFY\"><span style=\"font-family: Calibri Light, serif;\"><span style=\"font-size: medium;\">email: info(a)kivitasku.com\/english<\/span><\/span><\/p><p align=\"JUSTIFY\"><span style=\"font-family: Calibri Light, serif;\"><span style=\"font-size: medium;\">phone: 050 5237740 Mella Nousiainen<\/span><\/span><\/p><p align=\"JUSTIFY\"><span style=\"font-family: Calibri Light, serif;\"><span style=\"font-size: medium;\">________________________________________________________________________<\/span><\/span><\/p><p align=\"JUSTIFY\"><span style=\"font-family: Calibri Light, serif;\"><span style=\"font-size: medium;\"><span lang=\"fr-FR\">Nich\u00e9 au c\u0153ur de la for\u00eat de Finlande centrale, \u00e0 Muurame, l\u2019\u00e9tablissement Kivitasku est un endroit paisible, accroch\u00e9 aux rives d\u2019un petit lac. Dans un environnement unique et exceptionnel, vous pourrez\u00a0: <\/span><\/span><\/span><\/p><ul><li><p align=\"JUSTIFY\"><span style=\"font-family: Calibri Light, serif;\"><span style=\"font-size: medium;\"><span lang=\"fr-FR\">Organiser des \u00e9v\u00e8nements jusqu\u2019\u00e0 60 personnes (piano, projecteur, Wi-Fi, st\u00e9r\u00e9o \u00e0 disposition)<\/span><\/span><\/span><\/p><\/li><li><p align=\"JUSTIFY\"><span style=\"font-family: Calibri Light, serif;\"><span style=\"font-size: medium;\"><span lang=\"fr-FR\">R\u00e9server une journ\u00e9e au sauna traditionnel, dit sauna \u00e0 fum\u00e9e<\/span><\/span><\/span><\/p><\/li><li><p align=\"JUSTIFY\"><span style=\"font-family: Calibri Light, serif;\"><span style=\"font-size: medium;\"><span lang=\"fr-FR\">Passer la nuit dans nos maisons \u00e0 rondins (AirBnB)<\/span><\/span><\/span><\/p><\/li><li><p align=\"JUSTIFY\"><span style=\"font-family: Calibri Light, serif;\"><span style=\"font-size: medium;\"><span lang=\"fr-FR\">Planifier une f\u00eate avec notre service traiteur (Boissons venant de l\u2019ext\u00e9rieur autoris\u00e9es)<\/span><\/span><\/span><\/p><\/li><li><p align=\"JUSTIFY\"><span style=\"font-family: Calibri Light, serif;\"><span style=\"font-size: medium;\"><span lang=\"fr-FR\">Profiter de l\u2019immense cour pour des activit\u00e9s outdoor<\/span><\/span><\/span><\/p><\/li><li><p align=\"JUSTIFY\"><span style=\"font-family: Calibri Light, serif;\"><span style=\"font-size: medium;\"><span lang=\"fr-FR\">Aller \u00e0 la rencontre de nos moutons et poules dans la grande cour<\/span><\/span><\/span><\/p><\/li><\/ul><p align=\"JUSTIFY\"><span style=\"font-family: Calibri Light, serif;\"><span style=\"font-size: medium;\"><span lang=\"fr-FR\">N\u2019h\u00e9sitez pas \u00e0 prendre contact par mail ou par t\u00e9l\u00e9phone pour de plus amples renseignements\u00a0: <\/span><\/span><\/span><\/p><p align=\"JUSTIFY\"><span style=\"font-family: Calibri Light, serif;\"><span style=\"font-size: medium;\">E-mail : info(a)kivitasku.com<\/span><\/span><\/p><p align=\"JUSTIFY\"><span style=\"font-family: Calibri Light, serif;\"><span style=\"font-size: medium;\">T\u00e9l\u00e9phone : 050 5237740 <\/span><\/span><span style=\"font-family: Calibri Light, serif;\"><span style=\"font-size: medium;\"><b>Mella Nousiainen<\/b><\/span><\/span><\/p>\t\t\t\t\t\t\t\t<\/div>\n\t\t\t\t<\/div>\n\t\t\t\t\t<\/div>\n\t\t<\/div>\n\t\t\t\t\t<\/div>\n\t\t<\/section>\n\t\t\t\t<\/div>\n\t\t","protected":false},"excerpt":{"rendered":"<p>Kivitasku offers cozy surroundings, sauna and room for celebration with catering.Kivitasku is different, atmospheric and memorable place in rural setting, in the lake area in Central Finland, Muurame. Villa Kivitasku is a unique wooden log house in a peaceful surroundings and it is excellent for all kinds of celebrations and meetings. Villa Kivitasku holds about [&hellip;]<\/p>\n","protected":false},"author":1,"featured_media":0,"parent":0,"menu_order":0,"comment_status":"closed","ping_status":"closed","template":"","meta":{"footnotes":""},"class_list":["post-273","page","type-page","status-publish","hentry"],"blocksy_meta":{"styles_descriptor":{"styles":{"desktop":"","tablet":"","mobile":""},"google_fonts":[],"version":6}},"yoast_head":"<!-- This site is optimized with the Yoast SEO plugin v27.3 - https:\/\/yoast.com\/product\/yoast-seo-wordpress\/ -->\n<title>For Parties, Meetings and Companies | Villa Kivitasku<\/title>\n<meta name=\"description\" content=\"Kivitasku offers cozy surroundings, sauna and room for celebration with catering. Kivitasku is different, atmospheric and a beautiful place\" \/>\n<meta name=\"robots\" content=\"index, follow, max-snippet:-1, max-image-preview:large, max-video-preview:-1\" \/>\n<link rel=\"canonical\" href=\"https:\/\/kivitasku.com\/english\/parties-and-meetings\/\" \/>\n<meta property=\"og:locale\" content=\"fi_FI\" \/>\n<meta property=\"og:type\" content=\"article\" \/>\n<meta property=\"og:title\" content=\"For Parties, Meetings and Companies | Villa Kivitasku\" \/>\n<meta property=\"og:description\" content=\"Kivitasku offers cozy surroundings, sauna and room for celebration with catering. Kivitasku is different, atmospheric and a beautiful place\" \/>\n<meta property=\"og:url\" content=\"https:\/\/kivitasku.com\/english\/parties-and-meetings\/\" \/>\n<meta property=\"og:site_name\" content=\"Kivitasku English\" \/>\n<meta property=\"article:modified_time\" content=\"2024-04-30T06:58:33+00:00\" \/>\n<meta name=\"twitter:card\" content=\"summary_large_image\" \/>\n<meta name=\"twitter:label1\" content=\"Arvioitu lukuaika\" \/>\n\t<meta name=\"twitter:data1\" content=\"2 minuuttia\" \/>\n<script type=\"application\/ld+json\" class=\"yoast-schema-graph\">{\"@context\":\"https:\\\/\\\/schema.org\",\"@graph\":[{\"@type\":\"WebPage\",\"@id\":\"https:\\\/\\\/kivitasku.com\\\/english\\\/parties-and-meetings\\\/\",\"url\":\"https:\\\/\\\/kivitasku.com\\\/english\\\/parties-and-meetings\\\/\",\"name\":\"For Parties, Meetings and Companies | Villa Kivitasku\",\"isPartOf\":{\"@id\":\"https:\\\/\\\/kivitasku.com\\\/english\\\/#website\"},\"datePublished\":\"2017-03-02T10:44:54+00:00\",\"dateModified\":\"2024-04-30T06:58:33+00:00\",\"description\":\"Kivitasku offers cozy surroundings, sauna and room for celebration with catering. Kivitasku is different, atmospheric and a beautiful place\",\"breadcrumb\":{\"@id\":\"https:\\\/\\\/kivitasku.com\\\/english\\\/parties-and-meetings\\\/#breadcrumb\"},\"inLanguage\":\"fi\",\"potentialAction\":[{\"@type\":\"ReadAction\",\"target\":[\"https:\\\/\\\/kivitasku.com\\\/english\\\/parties-and-meetings\\\/\"]}]},{\"@type\":\"BreadcrumbList\",\"@id\":\"https:\\\/\\\/kivitasku.com\\\/english\\\/parties-and-meetings\\\/#breadcrumb\",\"itemListElement\":[{\"@type\":\"ListItem\",\"position\":1,\"name\":\"Home\",\"item\":\"https:\\\/\\\/kivitasku.com\\\/english\\\/\"},{\"@type\":\"ListItem\",\"position\":2,\"name\":\"Parties \\\/ Meetings \\\/ For companies\"}]},{\"@type\":\"WebSite\",\"@id\":\"https:\\\/\\\/kivitasku.com\\\/english\\\/#website\",\"url\":\"https:\\\/\\\/kivitasku.com\\\/english\\\/\",\"name\":\"Kivitasku English\",\"description\":\"Kivitasku Muurame\",\"publisher\":{\"@id\":\"https:\\\/\\\/kivitasku.com\\\/english\\\/#organization\"},\"potentialAction\":[{\"@type\":\"SearchAction\",\"target\":{\"@type\":\"EntryPoint\",\"urlTemplate\":\"https:\\\/\\\/kivitasku.com\\\/english\\\/?s={search_term_string}\"},\"query-input\":{\"@type\":\"PropertyValueSpecification\",\"valueRequired\":true,\"valueName\":\"search_term_string\"}}],\"inLanguage\":\"fi\"},{\"@type\":\"Organization\",\"@id\":\"https:\\\/\\\/kivitasku.com\\\/english\\\/#organization\",\"name\":\"K\u00e4sity\u00f6paja Kivitasku ky\",\"url\":\"https:\\\/\\\/kivitasku.com\\\/english\\\/\",\"logo\":{\"@type\":\"ImageObject\",\"inLanguage\":\"fi\",\"@id\":\"https:\\\/\\\/kivitasku.com\\\/english\\\/#\\\/schema\\\/logo\\\/image\\\/\",\"url\":\"https:\\\/\\\/kivitasku.com\\\/english\\\/wp-content\\\/uploads\\\/sites\\\/5\\\/2020\\\/08\\\/kivitasku.jpg\",\"contentUrl\":\"https:\\\/\\\/kivitasku.com\\\/english\\\/wp-content\\\/uploads\\\/sites\\\/5\\\/2020\\\/08\\\/kivitasku.jpg\",\"width\":1640,\"height\":686,\"caption\":\"K\u00e4sity\u00f6paja Kivitasku ky\"},\"image\":{\"@id\":\"https:\\\/\\\/kivitasku.com\\\/english\\\/#\\\/schema\\\/logo\\\/image\\\/\"}}]}<\/script>\n<!-- \/ Yoast SEO plugin. -->","yoast_head_json":{"title":"For Parties, Meetings and Companies | Villa Kivitasku","description":"Kivitasku offers cozy surroundings, sauna and room for celebration with catering. Kivitasku is different, atmospheric and a beautiful place","robots":{"index":"index","follow":"follow","max-snippet":"max-snippet:-1","max-image-preview":"max-image-preview:large","max-video-preview":"max-video-preview:-1"},"canonical":"https:\/\/kivitasku.com\/english\/parties-and-meetings\/","og_locale":"fi_FI","og_type":"article","og_title":"For Parties, Meetings and Companies | Villa Kivitasku","og_description":"Kivitasku offers cozy surroundings, sauna and room for celebration with catering. Kivitasku is different, atmospheric and a beautiful place","og_url":"https:\/\/kivitasku.com\/english\/parties-and-meetings\/","og_site_name":"Kivitasku English","article_modified_time":"2024-04-30T06:58:33+00:00","twitter_card":"summary_large_image","twitter_misc":{"Arvioitu lukuaika":"2 minuuttia"},"schema":{"@context":"https:\/\/schema.org","@graph":[{"@type":"WebPage","@id":"https:\/\/kivitasku.com\/english\/parties-and-meetings\/","url":"https:\/\/kivitasku.com\/english\/parties-and-meetings\/","name":"For Parties, Meetings and Companies | Villa Kivitasku","isPartOf":{"@id":"https:\/\/kivitasku.com\/english\/#website"},"datePublished":"2017-03-02T10:44:54+00:00","dateModified":"2024-04-30T06:58:33+00:00","description":"Kivitasku offers cozy surroundings, sauna and room for celebration with catering. Kivitasku is different, atmospheric and a beautiful place","breadcrumb":{"@id":"https:\/\/kivitasku.com\/english\/parties-and-meetings\/#breadcrumb"},"inLanguage":"fi","potentialAction":[{"@type":"ReadAction","target":["https:\/\/kivitasku.com\/english\/parties-and-meetings\/"]}]},{"@type":"BreadcrumbList","@id":"https:\/\/kivitasku.com\/english\/parties-and-meetings\/#breadcrumb","itemListElement":[{"@type":"ListItem","position":1,"name":"Home","item":"https:\/\/kivitasku.com\/english\/"},{"@type":"ListItem","position":2,"name":"Parties \/ Meetings \/ For companies"}]},{"@type":"WebSite","@id":"https:\/\/kivitasku.com\/english\/#website","url":"https:\/\/kivitasku.com\/english\/","name":"Kivitasku English","description":"Kivitasku Muurame","publisher":{"@id":"https:\/\/kivitasku.com\/english\/#organization"},"potentialAction":[{"@type":"SearchAction","target":{"@type":"EntryPoint","urlTemplate":"https:\/\/kivitasku.com\/english\/?s={search_term_string}"},"query-input":{"@type":"PropertyValueSpecification","valueRequired":true,"valueName":"search_term_string"}}],"inLanguage":"fi"},{"@type":"Organization","@id":"https:\/\/kivitasku.com\/english\/#organization","name":"K\u00e4sity\u00f6paja Kivitasku ky","url":"https:\/\/kivitasku.com\/english\/","logo":{"@type":"ImageObject","inLanguage":"fi","@id":"https:\/\/kivitasku.com\/english\/#\/schema\/logo\/image\/","url":"https:\/\/kivitasku.com\/english\/wp-content\/uploads\/sites\/5\/2020\/08\/kivitasku.jpg","contentUrl":"https:\/\/kivitasku.com\/english\/wp-content\/uploads\/sites\/5\/2020\/08\/kivitasku.jpg","width":1640,"height":686,"caption":"K\u00e4sity\u00f6paja Kivitasku ky"},"image":{"@id":"https:\/\/kivitasku.com\/english\/#\/schema\/logo\/image\/"}}]}},"_links":{"self":[{"href":"https:\/\/kivitasku.com\/english\/wp-json\/wp\/v2\/pages\/273","targetHints":{"allow":["GET"]}}],"collection":[{"href":"https:\/\/kivitasku.com\/english\/wp-json\/wp\/v2\/pages"}],"about":[{"href":"https:\/\/kivitasku.com\/english\/wp-json\/wp\/v2\/types\/page"}],"author":[{"embeddable":true,"href":"https:\/\/kivitasku.com\/english\/wp-json\/wp\/v2\/users\/1"}],"replies":[{"embeddable":true,"href":"https:\/\/kivitasku.com\/english\/wp-json\/wp\/v2\/comments?post=273"}],"version-history":[{"count":18,"href":"https:\/\/kivitasku.com\/english\/wp-json\/wp\/v2\/pages\/273\/revisions"}],"predecessor-version":[{"id":2730,"href":"https:\/\/kivitasku.com\/english\/wp-json\/wp\/v2\/pages\/273\/revisions\/2730"}],"wp:attachment":[{"href":"https:\/\/kivitasku.com\/english\/wp-json\/wp\/v2\/media?parent=273"}],"curies":[{"name":"wp","href":"https:\/\/api.w.org\/{rel}","templated":true}]}}