{"id":276,"date":"2017-03-02T12:46:45","date_gmt":"2017-03-02T10:46:45","guid":{"rendered":"http:\/\/kivitasku.com\/english\/?page_id=276"},"modified":"2023-01-12T16:58:37","modified_gmt":"2023-01-12T14:58:37","slug":"art-textiles","status":"publish","type":"page","link":"https:\/\/kivitasku.com\/english\/art-textiles\/","title":{"rendered":"Art Textiles By Mella Nousiainen"},"content":{"rendered":"\t\t<div data-elementor-type=\"wp-page\" data-elementor-id=\"276\" class=\"elementor elementor-276\">\n\t\t\t\t\t\t<section class=\"elementor-section elementor-top-section elementor-element elementor-element-3b44cbec elementor-section-boxed elementor-section-height-default elementor-section-height-default\" data-id=\"3b44cbec\" data-element_type=\"section\" data-e-type=\"section\">\n\t\t\t\t\t\t<div class=\"elementor-container elementor-column-gap-default\">\n\t\t\t\t\t<div class=\"elementor-column elementor-col-100 elementor-top-column elementor-element elementor-element-1d022627\" data-id=\"1d022627\" data-element_type=\"column\" data-e-type=\"column\">\n\t\t\t<div class=\"elementor-widget-wrap elementor-element-populated\">\n\t\t\t\t\t\t<div class=\"elementor-element elementor-element-597e0647 elementor-widget elementor-widget-text-editor\" data-id=\"597e0647\" data-element_type=\"widget\" data-e-type=\"widget\" data-widget_type=\"text-editor.default\">\n\t\t\t\t<div class=\"elementor-widget-container\">\n\t\t\t\t\t\t\t\t\t<p>In <a href=\"http:\/\/kivitasku.com\/english\/mainpage\/\">Villa Kivitasku<\/a> there is an ongoing exhibition of art textiles made by artesan Mella Nousiainen. Her art is inspired by the surrounding nature of Lake-Finland.<\/p><p>The materials used come mostly from Kivitasku`s own sheep. The technique used in her art include needle felting and wet felting. Her art textiles are available for purchasing from our souvenir shop Villa. From there you can also find other handcrafts and textiles such as felt pictures, felt gnomes and wool wreaths.<\/p><p><strong>About Mella:<\/strong><\/p><p><strong>Education<\/strong>: Kindergartenteacher<strong><u>, <\/u><\/strong>Kindergartenteacherseminar, Jyv\u00e4skyl\u00e4 1976,Master of Arts (art education)\u00a0 University of Jyv\u00e4skyl\u00e4 1994, Judicial trainee, University of Applied Sciences 1995 \u00a0Master, University of Applied Sciences -2001, Qualification for the textile industry 2012<\/p><p><em>&#8221;I am known as an elf aunt &#8211; I felt expressive little elves who protect people&#8217;s homes and nature. Kind leprechauns symbolize Finnish nature and mythology, which are also present in the handcrafted art textiles.<\/em><\/p><p><em>The greatest Finnish mythology epos is the Kalevala, which I have received inspiration for my art textiles &#8221;In the world of Vellamo&#8221;, &#8221;Ilmatarten ilottelu&#8221; and &#8221;Dance of fire&#8221;. The language of the Kalevala is rich and versatile, and it is based on the eastern dialects of Finnish, which I have admired as a young girl. Something inspires me so deeply and passionately. In addition to versatile language, nature addresses me as well, which is a distinguishing element in the stories of the Kalevala.<\/em><\/p><p><em>I moved around a lot in nature as a child &#8211; I climbed in the trees, skied, and created huts with my friends. Nowadays I enjoy walking in the middle of the forests and in Lapland, relaxing and inhaling fresh air. At the same, I take snapshots of everything beautiful and this is how my art textile &#8221;Eternal Forest&#8221; was born. I saw fallen spruce in an old forest where the landscape was stagnant and untouched &#8211; Immediately I wanted to capture it.<\/em><\/p><p><em>\u00a0<\/em><em>Some trees indicate more to me than others. Spruce is a fatherly tree to me, and I feel extremely protectedand goblins, also live in the shelter of the spruce<\/em><\/p><p><em>Through my stories and art, I want to convey the message that nature and even the smallest of creation must be appreciated. Together we create a whole whose parts interact all the time, and we are all equally valuable. This is what the leprechauns of the old forest talk about in my work.<\/em><\/p><p><em>Yet\u00a0I find\u00a0that what\u00a0is important is\u00a0that I can respect nature by using eco-friendly material from my sheep in my art textiles. Shearer Marko cuts Lotta&#8217;s, Kille&#8217;s, Pilli&#8217;s, Pulla&#8217;s, Lilli&#8217;s, and Laami&#8217;s wool twice a year, and I get to dye their wool. I get great pleasure from working with soft material, which stains in my pot into surprisingly rich color blends. I am an esthetician &#8211; colors bring me a lot of joy!<\/em><\/p><p><em>\u00a0<\/em><strong><em>You are warmly welcome to my handicraft shop Villa, or you can explore Kivitasku&#8217;s online shop!<\/em><\/strong><\/p><p>https:\/\/holvi.com\/shop\/kasityopaja-kivitasku\/<\/p><p align=\"JUSTIFY\"><span style=\"font-family: Times New Roman, serif;\"><span style=\"font-size: medium;\"><span style=\"font-family: Calibri Light, serif;\">Au c\u0153ur de la Villa Kivitasku, Mella propose une exposition de tout son artisanat\u00a0: Inspir\u00e9es de la nature environnante, Mella fa\u00e7onne ses \u0153uvres avec la laine de ses propres moutons. Elle travaille avec du feutre aiguillet\u00e9 ainsi qu\u2019avec du feutre humide. Cet art textile est disponible \u00e0 l\u2019achat et regroupe des tapis, des tableaux en feutre, d\u2019adorables petits gnomes ainsi que des couronnes de fleurs.<\/span><\/span><\/span><\/p><p align=\"JUSTIFY\"><span style=\"font-family: Times New Roman, serif;\"><span style=\"font-size: medium;\"><span style=\"font-family: Calibri Light, serif;\">A propos de Mella\u00a0: <\/span><\/span><\/span><\/p><p align=\"JUSTIFY\"><span style=\"font-family: Times New Roman, serif;\"><span style=\"font-size: medium;\"><span style=\"font-family: Calibri Light, serif;\">Mella a \u00e9t\u00e9 professeur des \u00e9coles ainsi qu\u2019\u00e0 l\u2019\u00e9cole maternelle. Elle a termin\u00e9 son Master of Arts (Education) en 1976, a \u00e9t\u00e9 active comme stagiaire de justice en 1994 et a poursuivi ses \u00e9tudes \u00e0 l\u2019Universit\u00e9 des sciences appliqu\u00e9es en 195 ainsi qu\u2019en 2001 et obtint la qualification pour l\u2019industrie textile en 2012.<\/span><\/span><\/span><\/p><p align=\"JUSTIFY\"><span style=\"font-family: Times New Roman, serif;\"><span style=\"font-size: medium;\"><span style=\"font-family: Calibri Light, serif;\">Mella a la jolie r\u00e9putation d\u2019\u00eatre la tante des elfes. Elle appr\u00e9cie l\u2019id\u00e9e que les elfes prot\u00e8gent \u00e0 la fois les maisons et la nature. Ces gentils lutins repr\u00e9sentent la nature finlandaise et la mythologie. Vous les retrouverez dans l\u2019art textile de Mella. <\/span><\/span><\/span><\/p><p align=\"JUSTIFY\"><span style=\"font-family: Times New Roman, serif;\"><span style=\"font-size: medium;\"><em><span style=\"font-family: Calibri Light, serif;\">L\u2019une des plus belles \u00e9pop\u00e9es finlandaises est celle du Kalevala dont Mella s\u2019est largement inspir\u00e9e pour son art textile, comme par exemple, les passages du Monde de Vellamo et la Danse du Feu. La langue du Kalevala est riche et changeante et inclue les dialectes de l\u2019Est de la Finlande qu\u2019admirait Mella quand elle \u00e9tait plus jeune. Sa passion pour le Kalevala ne date pas d\u2019hier\u00a0! Les multiples adresses \u00e0 M\u00e8re Nature au c\u0153ur du Kalevala sont \u00e9galement un \u00e9l\u00e9ment d\u00e9cisif dans l\u2019admiration qu\u2019\u00e9prouve Mella \u00e0 l\u2019\u00e9gard de cette \u0153uvre tr\u00e8s ancienne. <\/span><\/em><\/span><\/span><\/p><p align=\"JUSTIFY\"><span style=\"font-family: Times New Roman, serif;\"><span style=\"font-size: medium;\"><em><span style=\"font-family: Calibri Light, serif;\">Enfant, Mella passait la majeure partie de son temps dans la nature\u00a0: grimper aux arbres, faire du ski, cr\u00e9er des cabanes \u2026 Elle appr\u00e9cie d\u00e9sormais les promenades au milieu des for\u00eats en Finlande centrale et en Laponie pour se d\u00e9tendre et profiter du bon air frais. Elle aime prendre des clich\u00e9s instantan\u00e9s et admirer la beaut\u00e9 de la for\u00eat. C\u2019est par ce biais que son art textile \u00ab\u00a0For\u00eat \u00e9ternelle\u00a0\u00bb a vu le jour. Des \u00e9pic\u00e9as couch\u00e9s par terre dans des for\u00eats ancestrales ou des tr\u00e8s vieux arbres, intouch\u00e9s, sont des instants hors du temps qu\u2019elle voulait retranscrire gr\u00e2ce \u00e0 l\u2019art. <\/span><\/em><\/span><\/span><\/p><p align=\"JUSTIFY\"><span style=\"font-family: Times New Roman, serif;\"><span style=\"font-size: medium;\"><em><span style=\"font-family: Calibri Light, serif;\">A travers ses diff\u00e9rentes histoires que Mella vous contera si vous passez par-l\u00e0, Mella tient \u00e0 faire passer le message qu\u2019il est bon d\u2019appr\u00e9cier m\u00eame les plus petites choses de la nature. Nous appartenons \u00e0 un grand tout dans lequel tout est au m\u00eame niveau, a la m\u00eame importance. Voil\u00e0 ce que pr\u00eachent les lutins des for\u00eats ancestrales dans son travail\u00a0! <\/span><\/em><\/span><\/span><\/p><p align=\"JUSTIFY\"><span style=\"font-family: Calibri Light, serif;\"><span style=\"font-size: medium;\">Ajoutons une derni\u00e8re chose\u00a0! Mella utilise des mat\u00e9riaux \u00e9cologiques pour r\u00e9aliser son art en prenant la laine de ses moutons Lotta, Kille, Pilli, Pulla, Lilli et Laami deux fois par ann\u00e9e, qui sera teinte apr\u00e8s le passage du tondeur de moutons Marko. Mella a du plaisir \u00e0 travailler avec les diff\u00e9rentes laines teint\u00e9es qui permettent d\u2019obtenir une fine fusion de couleurs. Mella est une esth\u00e8te et les couleurs lui donnent beaucoup d\u2019\u00e9nergie.<\/span><\/span><\/p><p align=\"JUSTIFY\"><span style=\"font-family: Calibri Light, serif;\"><span style=\"font-size: medium;\"><b>Elle vous souhaite la bienvenue et vous attend \u00e0 la Villa Kivistasku. En attendant, vous pouvez visiter son site web avec ses cr\u00e9ations artisanales\u00a0: <\/b><\/span><\/span><span style=\"font-family: Calibri Light, serif;\"><span style=\"font-size: medium;\">https:\/\/holvi.com\/shop\/kasityopaja-kivitasku\/<\/span><\/span><\/p>\t\t\t\t\t\t\t\t<\/div>\n\t\t\t\t<\/div>\n\t\t\t\t\t<\/div>\n\t\t<\/div>\n\t\t\t\t\t<\/div>\n\t\t<\/section>\n\t\t\t\t<section class=\"elementor-section elementor-top-section elementor-element elementor-element-d129f02 elementor-section-boxed elementor-section-height-default elementor-section-height-default\" data-id=\"d129f02\" data-element_type=\"section\" data-e-type=\"section\">\n\t\t\t\t\t\t<div class=\"elementor-container elementor-column-gap-default\">\n\t\t\t\t\t<div class=\"elementor-column elementor-col-100 elementor-top-column elementor-element elementor-element-c0391d6\" data-id=\"c0391d6\" data-element_type=\"column\" data-e-type=\"column\">\n\t\t\t<div class=\"elementor-widget-wrap elementor-element-populated\">\n\t\t\t\t\t\t<div class=\"elementor-element elementor-element-fb2849d elementor-arrows-position-inside elementor-pagination-position-outside elementor-widget elementor-widget-image-carousel\" data-id=\"fb2849d\" data-element_type=\"widget\" data-e-type=\"widget\" data-settings=\"{&quot;navigation&quot;:&quot;both&quot;,&quot;autoplay&quot;:&quot;yes&quot;,&quot;pause_on_hover&quot;:&quot;yes&quot;,&quot;pause_on_interaction&quot;:&quot;yes&quot;,&quot;autoplay_speed&quot;:5000,&quot;infinite&quot;:&quot;yes&quot;,&quot;speed&quot;:500}\" data-widget_type=\"image-carousel.default\">\n\t\t\t\t<div class=\"elementor-widget-container\">\n\t\t\t\t\t\t\t<div class=\"elementor-image-carousel-wrapper swiper\" role=\"region\" aria-roledescription=\"carousel\" aria-label=\"Kuvakaruselli\" dir=\"ltr\">\n\t\t\t<div class=\"elementor-image-carousel swiper-wrapper\" aria-live=\"off\">\n\t\t\t\t\t\t\t\t<div class=\"swiper-slide\" role=\"group\" aria-roledescription=\"slide\" aria-label=\"1 of 7\"><figure class=\"swiper-slide-inner\"><img decoding=\"async\" class=\"swiper-slide-image lazyload\" data-src=\"https:\/\/kivitasku.com\/english\/wp-content\/uploads\/sites\/5\/2020\/03\/raanu3-1-480x280.jpg\" alt=\"raanu3\" src=\"data:image\/svg+xml;base64,PHN2ZyB3aWR0aD0iMSIgaGVpZ2h0PSIxIiB4bWxucz0iaHR0cDovL3d3dy53My5vcmcvMjAwMC9zdmciPjwvc3ZnPg==\" style=\"--smush-placeholder-width: 480px; --smush-placeholder-aspect-ratio: 480\/280;\" \/><\/figure><\/div><div class=\"swiper-slide\" role=\"group\" aria-roledescription=\"slide\" aria-label=\"2 of 7\"><figure class=\"swiper-slide-inner\"><img decoding=\"async\" class=\"swiper-slide-image lazyload\" data-src=\"https:\/\/kivitasku.com\/english\/wp-content\/uploads\/sites\/5\/2020\/03\/vellamo1-1-480x280.jpg\" alt=\"vellamo1\" src=\"data:image\/svg+xml;base64,PHN2ZyB3aWR0aD0iMSIgaGVpZ2h0PSIxIiB4bWxucz0iaHR0cDovL3d3dy53My5vcmcvMjAwMC9zdmciPjwvc3ZnPg==\" style=\"--smush-placeholder-width: 480px; --smush-placeholder-aspect-ratio: 480\/280;\" \/><\/figure><\/div><div class=\"swiper-slide\" role=\"group\" aria-roledescription=\"slide\" aria-label=\"3 of 7\"><figure class=\"swiper-slide-inner\"><img decoding=\"async\" class=\"swiper-slide-image lazyload\" data-src=\"https:\/\/kivitasku.com\/english\/wp-content\/uploads\/sites\/5\/2020\/03\/korppi_1-1-480x280.jpg\" alt=\"korppi_1\" src=\"data:image\/svg+xml;base64,PHN2ZyB3aWR0aD0iMSIgaGVpZ2h0PSIxIiB4bWxucz0iaHR0cDovL3d3dy53My5vcmcvMjAwMC9zdmciPjwvc3ZnPg==\" style=\"--smush-placeholder-width: 480px; --smush-placeholder-aspect-ratio: 480\/280;\" \/><\/figure><\/div><div class=\"swiper-slide\" role=\"group\" aria-roledescription=\"slide\" aria-label=\"4 of 7\"><figure class=\"swiper-slide-inner\"><img decoding=\"async\" class=\"swiper-slide-image lazyload\" data-src=\"https:\/\/kivitasku.com\/english\/wp-content\/uploads\/sites\/5\/2020\/03\/raanu-1-480x280.jpg\" alt=\"raanu\" src=\"data:image\/svg+xml;base64,PHN2ZyB3aWR0aD0iMSIgaGVpZ2h0PSIxIiB4bWxucz0iaHR0cDovL3d3dy53My5vcmcvMjAwMC9zdmciPjwvc3ZnPg==\" style=\"--smush-placeholder-width: 480px; --smush-placeholder-aspect-ratio: 480\/280;\" \/><\/figure><\/div><div class=\"swiper-slide\" role=\"group\" aria-roledescription=\"slide\" aria-label=\"5 of 7\"><figure class=\"swiper-slide-inner\"><img decoding=\"async\" class=\"swiper-slide-image lazyload\" data-src=\"https:\/\/kivitasku.com\/english\/wp-content\/uploads\/sites\/5\/2020\/03\/raanu5-1-480x280.jpg\" alt=\"raanu5\" src=\"data:image\/svg+xml;base64,PHN2ZyB3aWR0aD0iMSIgaGVpZ2h0PSIxIiB4bWxucz0iaHR0cDovL3d3dy53My5vcmcvMjAwMC9zdmciPjwvc3ZnPg==\" style=\"--smush-placeholder-width: 480px; --smush-placeholder-aspect-ratio: 480\/280;\" \/><\/figure><\/div><div class=\"swiper-slide\" role=\"group\" aria-roledescription=\"slide\" aria-label=\"6 of 7\"><figure class=\"swiper-slide-inner\"><img decoding=\"async\" class=\"swiper-slide-image lazyload\" data-src=\"https:\/\/kivitasku.com\/english\/wp-content\/uploads\/sites\/5\/2020\/03\/raanu2-1-480x280.jpg\" alt=\"raanu2\" src=\"data:image\/svg+xml;base64,PHN2ZyB3aWR0aD0iMSIgaGVpZ2h0PSIxIiB4bWxucz0iaHR0cDovL3d3dy53My5vcmcvMjAwMC9zdmciPjwvc3ZnPg==\" style=\"--smush-placeholder-width: 480px; --smush-placeholder-aspect-ratio: 480\/280;\" \/><\/figure><\/div><div class=\"swiper-slide\" role=\"group\" aria-roledescription=\"slide\" aria-label=\"7 of 7\"><figure class=\"swiper-slide-inner\"><img decoding=\"async\" class=\"swiper-slide-image lazyload\" data-src=\"https:\/\/kivitasku.com\/english\/wp-content\/uploads\/sites\/5\/2020\/03\/Korppitaulut_2017-1-480x280.jpg\" alt=\"Korppitaulut_2017\" src=\"data:image\/svg+xml;base64,PHN2ZyB3aWR0aD0iMSIgaGVpZ2h0PSIxIiB4bWxucz0iaHR0cDovL3d3dy53My5vcmcvMjAwMC9zdmciPjwvc3ZnPg==\" style=\"--smush-placeholder-width: 480px; --smush-placeholder-aspect-ratio: 480\/280;\" \/><\/figure><\/div>\t\t\t<\/div>\n\t\t\t\t\t\t\t\t\t\t\t\t<div class=\"elementor-swiper-button elementor-swiper-button-prev\" role=\"button\" tabindex=\"0\">\n\t\t\t\t\t\t<i aria-hidden=\"true\" class=\"eicon-chevron-left\"><\/i>\t\t\t\t\t<\/div>\n\t\t\t\t\t<div class=\"elementor-swiper-button elementor-swiper-button-next\" role=\"button\" tabindex=\"0\">\n\t\t\t\t\t\t<i aria-hidden=\"true\" class=\"eicon-chevron-right\"><\/i>\t\t\t\t\t<\/div>\n\t\t\t\t\n\t\t\t\t\t\t\t\t\t<div class=\"swiper-pagination\"><\/div>\n\t\t\t\t\t\t\t\t\t<\/div>\n\t\t\t\t\t\t<\/div>\n\t\t\t\t<\/div>\n\t\t\t\t\t<\/div>\n\t\t<\/div>\n\t\t\t\t\t<\/div>\n\t\t<\/section>\n\t\t\t\t<\/div>\n\t\t","protected":false},"excerpt":{"rendered":"<p>In Villa Kivitasku there is an ongoing exhibition of art textiles made by artesan Mella Nousiainen. Her art is inspired by the surrounding nature of Lake-Finland. The materials used come mostly from Kivitasku`s own sheep. The technique used in her art include needle felting and wet felting. Her art textiles are available for purchasing from [&hellip;]<\/p>\n","protected":false},"author":1,"featured_media":0,"parent":0,"menu_order":0,"comment_status":"closed","ping_status":"closed","template":"","meta":{"footnotes":""},"class_list":["post-276","page","type-page","status-publish","hentry"],"blocksy_meta":{"styles_descriptor":{"styles":{"desktop":"","tablet":"","mobile":""},"google_fonts":[],"version":6}},"yoast_head":"<!-- This site is optimized with the Yoast SEO plugin v27.4 - https:\/\/yoast.com\/product\/yoast-seo-wordpress\/ -->\n<title>Art Textiles | Art &amp; Souvenir By Mella Nousiainen | Villa Kivitasku<\/title>\n<meta name=\"description\" content=\"In Villa Kivitasku there is an ongoing exhibition of art textiles made by artesan Mella Nousiainen. Her art is inspired by the surrounding nature.\" \/>\n<meta name=\"robots\" content=\"index, follow, max-snippet:-1, max-image-preview:large, max-video-preview:-1\" \/>\n<link rel=\"canonical\" href=\"https:\/\/kivitasku.com\/english\/art-textiles\/\" \/>\n<meta property=\"og:locale\" content=\"fi_FI\" \/>\n<meta property=\"og:type\" content=\"article\" \/>\n<meta property=\"og:title\" content=\"Art Textiles | Art &amp; Souvenir By Mella Nousiainen | Villa Kivitasku\" \/>\n<meta property=\"og:description\" content=\"In Villa Kivitasku there is an ongoing exhibition of art textiles made by artesan Mella Nousiainen. Her art is inspired by the surrounding nature.\" \/>\n<meta property=\"og:url\" content=\"https:\/\/kivitasku.com\/english\/art-textiles\/\" \/>\n<meta property=\"og:site_name\" content=\"Kivitasku English\" \/>\n<meta property=\"article:modified_time\" content=\"2023-01-12T14:58:37+00:00\" \/>\n<meta property=\"og:image\" content=\"https:\/\/kivitasku.com\/english\/wp-content\/uploads\/sites\/5\/2020\/03\/raanu3-1-480x280.jpg\" \/>\n<meta name=\"twitter:card\" content=\"summary_large_image\" \/>\n<meta name=\"twitter:label1\" content=\"Arvioitu lukuaika\" \/>\n\t<meta name=\"twitter:data1\" content=\"9 minuuttia\" \/>\n<script type=\"application\/ld+json\" class=\"yoast-schema-graph\">{\"@context\":\"https:\\\/\\\/schema.org\",\"@graph\":[{\"@type\":\"WebPage\",\"@id\":\"https:\\\/\\\/kivitasku.com\\\/english\\\/art-textiles\\\/\",\"url\":\"https:\\\/\\\/kivitasku.com\\\/english\\\/art-textiles\\\/\",\"name\":\"Art Textiles | Art & Souvenir By Mella Nousiainen | Villa Kivitasku\",\"isPartOf\":{\"@id\":\"https:\\\/\\\/kivitasku.com\\\/english\\\/#website\"},\"primaryImageOfPage\":{\"@id\":\"https:\\\/\\\/kivitasku.com\\\/english\\\/art-textiles\\\/#primaryimage\"},\"image\":{\"@id\":\"https:\\\/\\\/kivitasku.com\\\/english\\\/art-textiles\\\/#primaryimage\"},\"thumbnailUrl\":\"https:\\\/\\\/kivitasku.com\\\/english\\\/wp-content\\\/uploads\\\/sites\\\/5\\\/2020\\\/03\\\/raanu3-1-480x280.jpg\",\"datePublished\":\"2017-03-02T10:46:45+00:00\",\"dateModified\":\"2023-01-12T14:58:37+00:00\",\"description\":\"In Villa Kivitasku there is an ongoing exhibition of art textiles made by artesan Mella Nousiainen. Her art is inspired by the surrounding nature.\",\"breadcrumb\":{\"@id\":\"https:\\\/\\\/kivitasku.com\\\/english\\\/art-textiles\\\/#breadcrumb\"},\"inLanguage\":\"fi\",\"potentialAction\":[{\"@type\":\"ReadAction\",\"target\":[\"https:\\\/\\\/kivitasku.com\\\/english\\\/art-textiles\\\/\"]}]},{\"@type\":\"ImageObject\",\"inLanguage\":\"fi\",\"@id\":\"https:\\\/\\\/kivitasku.com\\\/english\\\/art-textiles\\\/#primaryimage\",\"url\":\"https:\\\/\\\/kivitasku.com\\\/english\\\/wp-content\\\/uploads\\\/sites\\\/5\\\/2020\\\/03\\\/raanu3-1.jpg\",\"contentUrl\":\"https:\\\/\\\/kivitasku.com\\\/english\\\/wp-content\\\/uploads\\\/sites\\\/5\\\/2020\\\/03\\\/raanu3-1.jpg\",\"width\":706,\"height\":1080},{\"@type\":\"BreadcrumbList\",\"@id\":\"https:\\\/\\\/kivitasku.com\\\/english\\\/art-textiles\\\/#breadcrumb\",\"itemListElement\":[{\"@type\":\"ListItem\",\"position\":1,\"name\":\"Home\",\"item\":\"https:\\\/\\\/kivitasku.com\\\/english\\\/\"},{\"@type\":\"ListItem\",\"position\":2,\"name\":\"Art Textiles By Mella Nousiainen\"}]},{\"@type\":\"WebSite\",\"@id\":\"https:\\\/\\\/kivitasku.com\\\/english\\\/#website\",\"url\":\"https:\\\/\\\/kivitasku.com\\\/english\\\/\",\"name\":\"Kivitasku English\",\"description\":\"Kivitasku Muurame\",\"publisher\":{\"@id\":\"https:\\\/\\\/kivitasku.com\\\/english\\\/#organization\"},\"potentialAction\":[{\"@type\":\"SearchAction\",\"target\":{\"@type\":\"EntryPoint\",\"urlTemplate\":\"https:\\\/\\\/kivitasku.com\\\/english\\\/?s={search_term_string}\"},\"query-input\":{\"@type\":\"PropertyValueSpecification\",\"valueRequired\":true,\"valueName\":\"search_term_string\"}}],\"inLanguage\":\"fi\"},{\"@type\":\"Organization\",\"@id\":\"https:\\\/\\\/kivitasku.com\\\/english\\\/#organization\",\"name\":\"K\u00e4sity\u00f6paja Kivitasku ky\",\"url\":\"https:\\\/\\\/kivitasku.com\\\/english\\\/\",\"logo\":{\"@type\":\"ImageObject\",\"inLanguage\":\"fi\",\"@id\":\"https:\\\/\\\/kivitasku.com\\\/english\\\/#\\\/schema\\\/logo\\\/image\\\/\",\"url\":\"https:\\\/\\\/kivitasku.com\\\/english\\\/wp-content\\\/uploads\\\/sites\\\/5\\\/2020\\\/08\\\/kivitasku.jpg\",\"contentUrl\":\"https:\\\/\\\/kivitasku.com\\\/english\\\/wp-content\\\/uploads\\\/sites\\\/5\\\/2020\\\/08\\\/kivitasku.jpg\",\"width\":1640,\"height\":686,\"caption\":\"K\u00e4sity\u00f6paja Kivitasku ky\"},\"image\":{\"@id\":\"https:\\\/\\\/kivitasku.com\\\/english\\\/#\\\/schema\\\/logo\\\/image\\\/\"}}]}<\/script>\n<!-- \/ Yoast SEO plugin. -->","yoast_head_json":{"title":"Art Textiles | Art & Souvenir By Mella Nousiainen | Villa Kivitasku","description":"In Villa Kivitasku there is an ongoing exhibition of art textiles made by artesan Mella Nousiainen. Her art is inspired by the surrounding nature.","robots":{"index":"index","follow":"follow","max-snippet":"max-snippet:-1","max-image-preview":"max-image-preview:large","max-video-preview":"max-video-preview:-1"},"canonical":"https:\/\/kivitasku.com\/english\/art-textiles\/","og_locale":"fi_FI","og_type":"article","og_title":"Art Textiles | Art & Souvenir By Mella Nousiainen | Villa Kivitasku","og_description":"In Villa Kivitasku there is an ongoing exhibition of art textiles made by artesan Mella Nousiainen. Her art is inspired by the surrounding nature.","og_url":"https:\/\/kivitasku.com\/english\/art-textiles\/","og_site_name":"Kivitasku English","article_modified_time":"2023-01-12T14:58:37+00:00","og_image":[{"url":"https:\/\/kivitasku.com\/english\/wp-content\/uploads\/sites\/5\/2020\/03\/raanu3-1-480x280.jpg","type":"","width":"","height":""}],"twitter_card":"summary_large_image","twitter_misc":{"Arvioitu lukuaika":"9 minuuttia"},"schema":{"@context":"https:\/\/schema.org","@graph":[{"@type":"WebPage","@id":"https:\/\/kivitasku.com\/english\/art-textiles\/","url":"https:\/\/kivitasku.com\/english\/art-textiles\/","name":"Art Textiles | Art & Souvenir By Mella Nousiainen | Villa Kivitasku","isPartOf":{"@id":"https:\/\/kivitasku.com\/english\/#website"},"primaryImageOfPage":{"@id":"https:\/\/kivitasku.com\/english\/art-textiles\/#primaryimage"},"image":{"@id":"https:\/\/kivitasku.com\/english\/art-textiles\/#primaryimage"},"thumbnailUrl":"https:\/\/kivitasku.com\/english\/wp-content\/uploads\/sites\/5\/2020\/03\/raanu3-1-480x280.jpg","datePublished":"2017-03-02T10:46:45+00:00","dateModified":"2023-01-12T14:58:37+00:00","description":"In Villa Kivitasku there is an ongoing exhibition of art textiles made by artesan Mella Nousiainen. Her art is inspired by the surrounding nature.","breadcrumb":{"@id":"https:\/\/kivitasku.com\/english\/art-textiles\/#breadcrumb"},"inLanguage":"fi","potentialAction":[{"@type":"ReadAction","target":["https:\/\/kivitasku.com\/english\/art-textiles\/"]}]},{"@type":"ImageObject","inLanguage":"fi","@id":"https:\/\/kivitasku.com\/english\/art-textiles\/#primaryimage","url":"https:\/\/kivitasku.com\/english\/wp-content\/uploads\/sites\/5\/2020\/03\/raanu3-1.jpg","contentUrl":"https:\/\/kivitasku.com\/english\/wp-content\/uploads\/sites\/5\/2020\/03\/raanu3-1.jpg","width":706,"height":1080},{"@type":"BreadcrumbList","@id":"https:\/\/kivitasku.com\/english\/art-textiles\/#breadcrumb","itemListElement":[{"@type":"ListItem","position":1,"name":"Home","item":"https:\/\/kivitasku.com\/english\/"},{"@type":"ListItem","position":2,"name":"Art Textiles By Mella Nousiainen"}]},{"@type":"WebSite","@id":"https:\/\/kivitasku.com\/english\/#website","url":"https:\/\/kivitasku.com\/english\/","name":"Kivitasku English","description":"Kivitasku Muurame","publisher":{"@id":"https:\/\/kivitasku.com\/english\/#organization"},"potentialAction":[{"@type":"SearchAction","target":{"@type":"EntryPoint","urlTemplate":"https:\/\/kivitasku.com\/english\/?s={search_term_string}"},"query-input":{"@type":"PropertyValueSpecification","valueRequired":true,"valueName":"search_term_string"}}],"inLanguage":"fi"},{"@type":"Organization","@id":"https:\/\/kivitasku.com\/english\/#organization","name":"K\u00e4sity\u00f6paja Kivitasku ky","url":"https:\/\/kivitasku.com\/english\/","logo":{"@type":"ImageObject","inLanguage":"fi","@id":"https:\/\/kivitasku.com\/english\/#\/schema\/logo\/image\/","url":"https:\/\/kivitasku.com\/english\/wp-content\/uploads\/sites\/5\/2020\/08\/kivitasku.jpg","contentUrl":"https:\/\/kivitasku.com\/english\/wp-content\/uploads\/sites\/5\/2020\/08\/kivitasku.jpg","width":1640,"height":686,"caption":"K\u00e4sity\u00f6paja Kivitasku ky"},"image":{"@id":"https:\/\/kivitasku.com\/english\/#\/schema\/logo\/image\/"}}]}},"_links":{"self":[{"href":"https:\/\/kivitasku.com\/english\/wp-json\/wp\/v2\/pages\/276","targetHints":{"allow":["GET"]}}],"collection":[{"href":"https:\/\/kivitasku.com\/english\/wp-json\/wp\/v2\/pages"}],"about":[{"href":"https:\/\/kivitasku.com\/english\/wp-json\/wp\/v2\/types\/page"}],"author":[{"embeddable":true,"href":"https:\/\/kivitasku.com\/english\/wp-json\/wp\/v2\/users\/1"}],"replies":[{"embeddable":true,"href":"https:\/\/kivitasku.com\/english\/wp-json\/wp\/v2\/comments?post=276"}],"version-history":[{"count":28,"href":"https:\/\/kivitasku.com\/english\/wp-json\/wp\/v2\/pages\/276\/revisions"}],"predecessor-version":[{"id":2719,"href":"https:\/\/kivitasku.com\/english\/wp-json\/wp\/v2\/pages\/276\/revisions\/2719"}],"wp:attachment":[{"href":"https:\/\/kivitasku.com\/english\/wp-json\/wp\/v2\/media?parent=276"}],"curies":[{"name":"wp","href":"https:\/\/api.w.org\/{rel}","templated":true}]}}