{"id":447,"date":"2018-06-11T11:05:07","date_gmt":"2018-06-11T09:05:07","guid":{"rendered":"http:\/\/kivitasku.com\/english\/?page_id=447"},"modified":"2025-12-12T14:06:05","modified_gmt":"2025-12-12T12:06:05","slug":"current-events","status":"publish","type":"page","link":"https:\/\/kivitasku.com\/english\/current-events\/","title":{"rendered":"Current events"},"content":{"rendered":"\t\t<div data-elementor-type=\"wp-page\" data-elementor-id=\"447\" class=\"elementor elementor-447\">\n\t\t\t\t\t\t<section class=\"elementor-section elementor-top-section elementor-element elementor-element-440fc11a elementor-section-boxed elementor-section-height-default elementor-section-height-default\" data-id=\"440fc11a\" data-element_type=\"section\" data-e-type=\"section\">\n\t\t\t\t\t\t<div class=\"elementor-container elementor-column-gap-default\">\n\t\t\t\t\t<div class=\"elementor-column elementor-col-100 elementor-top-column elementor-element elementor-element-179168b3\" data-id=\"179168b3\" data-element_type=\"column\" data-e-type=\"column\">\n\t\t\t<div class=\"elementor-widget-wrap elementor-element-populated\">\n\t\t\t\t\t\t<div class=\"elementor-element elementor-element-294ee88d elementor-widget__width-initial elementor-widget elementor-widget-text-editor\" data-id=\"294ee88d\" data-element_type=\"widget\" data-e-type=\"widget\" data-widget_type=\"text-editor.default\">\n\t\t\t\t<div class=\"elementor-widget-container\">\n\t\t\t\t\t\t\t\t\t<p><strong>Common Haikusauna in summertime and in wintertime:<\/strong><\/p><p align=\"JUSTIFY\"><span style=\"font-family: Calibri Light, serif;\"><span style=\"font-size: medium;\">Kivitasku\u2019s atmospheric aspen log\u00a0<\/span><\/span><a href=\"http:\/\/haikusauna.com\/\"><span style=\"color: #0000ff;\"><span style=\"font-family: Calibri Light, serif;\"><span style=\"font-size: medium;\"><u>Haikusauna<\/u><\/span><\/span><\/span><\/a><span style=\"font-family: Calibri Light, serif;\"><span style=\"font-size: medium;\"> is also a unique experience, which can accommodate about 25 bathers. It is open in summertime on Wednesdays from 17-21.00. From the sauna there is a lovely view to the lake Kalaj\u00e4rvi, where it is possible to swim.<br \/><\/span><\/span><\/p><p align=\"JUSTIFY\"><span style=\"font-family: Calibri Light, serif;\"><span style=\"font-size: medium;\">In wintertime sauna is open every first Saturday of month from September to May.\u00a0 It is for men and women together. Payment 18\u20ac\/ person. You\u00a0 find more information from our webside Public sauna\/ Haikusauna<\/span><\/span><\/p><p align=\"JUSTIFY\"><span style=\"font-family: Calibri Light, serif;\"><span style=\"font-size: medium;\"><span lang=\"fr-FR\"><strong>\u00a0 \u00a0 \u00a0 \u00a0 \u00a0 \u00a0 \u00a0 \u00a0 \u00a0 \u00a0 \u00a0 \u00a0 \u00a0 \u00a0 \u00a0 \u00a0 \u00a0 \u00a0 \u00a0 \u00a0 \u00a0 \u00a0 \u00a0 \u00a0 \u00a0 \u00a0 \u00a0 \u00a0 \u00a0 \u00a0 \u00a0 \u00a0 \u00a0 \u00a0 \u00a0 \u00a0 \u00a0 \u00a0 \u00a0 \u00a0 \u00a0 \u00a0 \u00a0 \u00a0 Kalevala and sauna workshop in Kivitasku on Wednesdays in summer.<\/strong><\/span><\/span><\/span><\/p><p align=\"JUSTIFY\"><span style=\"font-family: Calibri Light, serif;\"><span style=\"font-size: medium;\"><span lang=\"fr-FR\">\u00a0 \u00a0 \u00a0 \u00a0 \u00a0 \u00a0 \u00a0 \u00a0 \u00a0 \u00a0 \u00a0 \u00a0 \u00a0 \u00a0 \u00a0 \u00a0 \u00a0 \u00a0 \u00a0 \u00a0 \u00a0 \u00a0 \u00a0 \u00a0 \u00a0 \u00a0 \u00a0 \u00a0 \u00a0 \u00a0 \u00a0 \u00a0 \u00a0 \u00a0 \u00a0 \u00a0 \u00a0 \u00a0 \u00a0 \u00a0 \u00a0 \u00a0 You can make a saunahat of your own and have sauna in our big Haikusauna.\u00a0<\/span><\/span><\/span><\/p><pre class=\"tw-data-text tw-text-large tw-ta\" dir=\"ltr\" data-placeholder=\"K\u00e4\u00e4nn\u00f6s\" data-ved=\"2ahUKEwjxsaOYmLKPAxX4JhAIHRYtNesQ3ewLegQIChAV\" aria-label=\"K\u00e4\u00e4nnetty teksti: The day starts at 1:00 PM and ends with the public sauna at 7:00 PM.\"><span class=\"Y2IQFc\" lang=\"en\">The day starts at 1:00 PM with coffee and ends with the public sauna from 5-7:00 PM.<br \/><\/span><\/pre><pre id=\"tw-target-text\" class=\"tw-data-text tw-text-large tw-ta\" dir=\"ltr\" data-placeholder=\"K\u00e4\u00e4nn\u00f6s\" data-ved=\"2ahUKEwjxsaOYmLKPAxX4JhAIHRYtNesQ3ewLegQIChAV\" aria-label=\"K\u00e4\u00e4nnetty teksti: We will get to know the Kalevala through the work of artisan Mella Nousiainen and finish our own sauna hat with needle felting techniques.\"><span class=\"Y2IQFc\" lang=\"en\">We will get to know the Kalevala through the work of artisan Mella Nousiainen and finish our own sauna hat with needle felting techniques.<\/span><\/pre><pre class=\"tw-data-text tw-text-large tw-ta\" dir=\"ltr\" data-placeholder=\"K\u00e4\u00e4nn\u00f6s\" data-ved=\"2ahUKEwjxsaOYmLKPAxX4JhAIHRYtNesQ3ewLegQIChAV\" aria-label=\"K\u00e4\u00e4nnetty teksti: The day starts at 1:00 PM and ends with the public sauna at 7:00 PM.\"><span class=\"Y2IQFc\" lang=\"en\">Work shop fee is 50\u20ac. It includes sauna( 18\u20ac), saunahat and coffee\/tee with <\/span>pastry.<\/pre><pre id=\"tw-target-text\" class=\"tw-data-text tw-text-large tw-ta\" dir=\"ltr\" data-placeholder=\"K\u00e4\u00e4nn\u00f6s\" data-ved=\"2ahUKEwjxsaOYmLKPAxX4JhAIHRYtNesQ3ewLegQIChAV\" aria-label=\"K\u00e4\u00e4nnetty teksti: pastry\">More information Mella 0505237740. <\/pre>\t\t\t\t\t\t\t\t<\/div>\n\t\t\t\t<\/div>\n\t\t\t\t<div class=\"elementor-element elementor-element-47ccfef elementor-align-center elementor-widget elementor-widget-button\" data-id=\"47ccfef\" data-element_type=\"widget\" data-e-type=\"widget\" data-widget_type=\"button.default\">\n\t\t\t\t<div class=\"elementor-widget-container\">\n\t\t\t\t\t\t\t\t\t<div class=\"elementor-button-wrapper\">\n\t\t\t\t\t<a class=\"elementor-button elementor-button-link elementor-size-sm\" href=\"https:\/\/kivitasku.com\/haikusauna\/yleisosauna\/\">\n\t\t\t\t\t\t<span class=\"elementor-button-content-wrapper\">\n\t\t\t\t\t\t\t\t\t<span class=\"elementor-button-text\">Click here!<\/span>\n\t\t\t\t\t<\/span>\n\t\t\t\t\t<\/a>\n\t\t\t\t<\/div>\n\t\t\t\t\t\t\t\t<\/div>\n\t\t\t\t<\/div>\n\t\t\t\t\t<\/div>\n\t\t<\/div>\n\t\t\t\t\t<\/div>\n\t\t<\/section>\n\t\t\t\t<section class=\"elementor-section elementor-top-section elementor-element elementor-element-fcef9a0 elementor-section-boxed elementor-section-height-default elementor-section-height-default\" data-id=\"fcef9a0\" data-element_type=\"section\" data-e-type=\"section\">\n\t\t\t\t\t\t<div class=\"elementor-container elementor-column-gap-default\">\n\t\t\t\t\t<div class=\"elementor-column elementor-col-100 elementor-top-column elementor-element elementor-element-fe7ef60\" data-id=\"fe7ef60\" data-element_type=\"column\" data-e-type=\"column\">\n\t\t\t<div class=\"elementor-widget-wrap\">\n\t\t\t\t\t\t\t<\/div>\n\t\t<\/div>\n\t\t\t\t\t<\/div>\n\t\t<\/section>\n\t\t\t\t<section class=\"elementor-section elementor-top-section elementor-element elementor-element-e892343 elementor-section-boxed elementor-section-height-default elementor-section-height-default\" data-id=\"e892343\" data-element_type=\"section\" data-e-type=\"section\">\n\t\t\t\t\t\t<div class=\"elementor-container elementor-column-gap-default\">\n\t\t\t\t\t<div class=\"elementor-column elementor-col-100 elementor-top-column elementor-element elementor-element-7b0d12b\" data-id=\"7b0d12b\" data-element_type=\"column\" data-e-type=\"column\">\n\t\t\t<div class=\"elementor-widget-wrap elementor-element-populated\">\n\t\t\t\t\t\t<div class=\"elementor-element elementor-element-639f106 elementor-widget elementor-widget-text-editor\" data-id=\"639f106\" data-element_type=\"widget\" data-e-type=\"widget\" data-widget_type=\"text-editor.default\">\n\t\t\t\t<div class=\"elementor-widget-container\">\n\t\t\t\t\t\t\t\t\t<p align=\"JUSTIFY\"><span style=\"font-family: Calibri Light, serif;\"><span style=\"font-size: medium;\">Payment 18\u20ac\/person. <\/span><\/span><span style=\"font-family: Calibri Light, serif;\"><span style=\"font-size: medium;\"><span lang=\"de-CH\">Own towels. Swimming in Kalaj\u00e4rvi-lake.<\/span><\/span><\/span><\/p>\n<p align=\"JUSTIFY\"><span style=\"font-family: Calibri Light, serif;\"><span style=\"font-size: medium;\"><span lang=\"de-CH\">Welcome! ( more information from Mella 050 5237740)<\/span><\/span><\/span><\/p>\n<p align=\"JUSTIFY\"><span style=\"font-family: Calibri Light, serif;\"><span style=\"font-size: medium;\"><span lang=\"de-CH\">You can also rent a little wagon sauna . It is for 2-4 persons, and can bee rented, when the big Haikusauna is not taken. To heat it, costs 50\u20ac+10\u20ac\/person.<\/span><\/span><\/span><\/p>\n<p align=\"JUSTIFY\"><span style=\"font-family: Calibri Light, serif;\"><span style=\"font-size: medium;\"><span lang=\"de-CH\">Reservation&nbsp; Mella 0505237740<\/span><\/span><\/span><\/p>\n<p align=\"JUSTIFY\"><span style=\"font-family: Calibri Light, serif;\"><span style=\"font-size: medium;\"><i><b>__________________________________________________________________________<\/b><\/i><\/span><\/span><\/p>\n<p align=\"JUSTIFY\"><span style=\"font-family: Calibri Light, serif;\"><span style=\"font-size: medium;\">Nous organisons une journ\u00e9e SAUNA PUBLIC, tous les mercredis et ce, d\u00e8s l\u2019\u00e9t\u00e9 2025. Pour un prix modeste de 18\u20ac\/personne, vous pourrez faire l\u2019exp\u00e9rience du sauna \u00e0 fum\u00e9e. Nous vous remercions de prendre vos propres serviettes de bain. <\/span><\/span><\/p>\n<p align=\"JUSTIFY\"><span style=\"font-family: Calibri Light, serif;\"><span style=\"font-size: medium;\">A la sortie du sauna, vous pourrez nager dans le lac de Kalaj\u00e4rvi, situ\u00e9 devant le sauna ou dans un trou creus\u00e9 dans la glace, lors des journ\u00e9es SAUNA PUBLIC en hiver. <\/span><\/span><\/p>\n<p align=\"JUSTIFY\"><span style=\"font-family: Calibri Light, serif;\"><span style=\"font-size: medium;\">Bienvenue&nbsp;! <\/span><\/span><\/p>\n<p align=\"JUSTIFY\"><span style=\"font-family: Calibri Light, serif;\"><span style=\"font-size: medium;\">Pour plus d\u2019informations&nbsp;: Mella au 050 5237740<\/span><\/span><\/p>\n<p align=\"JUSTIFY\"><span style=\"font-family: Calibri Light, serif;\"><span style=\"font-size: medium;\"><i><b>__________________________________________________________________________<\/b><\/i><\/span><\/span><\/p>\n<p align=\"JUSTIFY\"><span style=\"font-family: Calibri Light, serif;\"><span style=\"font-size: medium;\"><i><b>_________________________________________________________________________<\/b><\/i><\/span><\/span><\/p>\n<p align=\"JUSTIFY\">\n<\/p>\t\t\t\t\t\t\t\t<\/div>\n\t\t\t\t<\/div>\n\t\t\t\t\t<\/div>\n\t\t<\/div>\n\t\t\t\t\t<\/div>\n\t\t<\/section>\n\t\t\t\t<section class=\"elementor-section elementor-top-section elementor-element elementor-element-6c80283 elementor-section-boxed elementor-section-height-default elementor-section-height-default\" data-id=\"6c80283\" data-element_type=\"section\" data-e-type=\"section\">\n\t\t\t\t\t\t<div class=\"elementor-container elementor-column-gap-default\">\n\t\t\t\t\t<div class=\"elementor-column elementor-col-100 elementor-top-column elementor-element elementor-element-69ce0a1\" data-id=\"69ce0a1\" data-element_type=\"column\" data-e-type=\"column\">\n\t\t\t<div class=\"elementor-widget-wrap\">\n\t\t\t\t\t\t\t<\/div>\n\t\t<\/div>\n\t\t\t\t\t<\/div>\n\t\t<\/section>\n\t\t\t\t<\/div>\n\t\t","protected":false},"excerpt":{"rendered":"<p>Common Haikusauna in summertime and in wintertime: Kivitasku\u2019s atmospheric aspen log\u00a0Haikusauna is also a unique experience, which can accommodate about 25 bathers. It is open in summertime on Wednesdays from 17-21.00. From the sauna there is a lovely view to the lake Kalaj\u00e4rvi, where it is possible to swim. In wintertime sauna is open every [&hellip;]<\/p>\n","protected":false},"author":1,"featured_media":0,"parent":0,"menu_order":0,"comment_status":"closed","ping_status":"closed","template":"","meta":{"footnotes":""},"class_list":["post-447","page","type-page","status-publish","hentry"],"blocksy_meta":{"styles_descriptor":{"styles":{"desktop":"","tablet":"","mobile":""},"google_fonts":[],"version":6}},"yoast_head":"<!-- This site is optimized with the Yoast SEO plugin v27.3 - https:\/\/yoast.com\/product\/yoast-seo-wordpress\/ -->\n<title>Current events - Kivitasku English<\/title>\n<meta name=\"description\" content=\"Big aspen log\u00a0sauna Haiku is a unique experience. It is open in summertime on Wednesdays from 17-22.00. You can also swim in lake Kalaj\u00e4rvi\" \/>\n<meta name=\"robots\" content=\"index, follow, max-snippet:-1, max-image-preview:large, max-video-preview:-1\" \/>\n<link rel=\"canonical\" href=\"https:\/\/kivitasku.com\/english\/current-events\/\" \/>\n<meta property=\"og:locale\" content=\"fi_FI\" \/>\n<meta property=\"og:type\" content=\"article\" \/>\n<meta property=\"og:title\" content=\"Current events - Kivitasku English\" \/>\n<meta property=\"og:description\" content=\"Big aspen log\u00a0sauna Haiku is a unique experience. It is open in summertime on Wednesdays from 17-22.00. You can also swim in lake Kalaj\u00e4rvi\" \/>\n<meta property=\"og:url\" content=\"https:\/\/kivitasku.com\/english\/current-events\/\" \/>\n<meta property=\"og:site_name\" content=\"Kivitasku English\" \/>\n<meta property=\"article:modified_time\" content=\"2025-12-12T12:06:05+00:00\" \/>\n<meta name=\"twitter:card\" content=\"summary_large_image\" \/>\n<meta name=\"twitter:label1\" content=\"Arvioitu lukuaika\" \/>\n\t<meta name=\"twitter:data1\" content=\"2 minuuttia\" \/>\n<script type=\"application\/ld+json\" class=\"yoast-schema-graph\">{\"@context\":\"https:\\\/\\\/schema.org\",\"@graph\":[{\"@type\":\"WebPage\",\"@id\":\"https:\\\/\\\/kivitasku.com\\\/english\\\/current-events\\\/\",\"url\":\"https:\\\/\\\/kivitasku.com\\\/english\\\/current-events\\\/\",\"name\":\"Current events - Kivitasku English\",\"isPartOf\":{\"@id\":\"https:\\\/\\\/kivitasku.com\\\/english\\\/#website\"},\"datePublished\":\"2018-06-11T09:05:07+00:00\",\"dateModified\":\"2025-12-12T12:06:05+00:00\",\"description\":\"Big aspen log\u00a0sauna Haiku is a unique experience. It is open in summertime on Wednesdays from 17-22.00. You can also swim in lake Kalaj\u00e4rvi\",\"breadcrumb\":{\"@id\":\"https:\\\/\\\/kivitasku.com\\\/english\\\/current-events\\\/#breadcrumb\"},\"inLanguage\":\"fi\",\"potentialAction\":[{\"@type\":\"ReadAction\",\"target\":[\"https:\\\/\\\/kivitasku.com\\\/english\\\/current-events\\\/\"]}]},{\"@type\":\"BreadcrumbList\",\"@id\":\"https:\\\/\\\/kivitasku.com\\\/english\\\/current-events\\\/#breadcrumb\",\"itemListElement\":[{\"@type\":\"ListItem\",\"position\":1,\"name\":\"Home\",\"item\":\"https:\\\/\\\/kivitasku.com\\\/english\\\/\"},{\"@type\":\"ListItem\",\"position\":2,\"name\":\"Current events\"}]},{\"@type\":\"WebSite\",\"@id\":\"https:\\\/\\\/kivitasku.com\\\/english\\\/#website\",\"url\":\"https:\\\/\\\/kivitasku.com\\\/english\\\/\",\"name\":\"Kivitasku English\",\"description\":\"Kivitasku Muurame\",\"publisher\":{\"@id\":\"https:\\\/\\\/kivitasku.com\\\/english\\\/#organization\"},\"potentialAction\":[{\"@type\":\"SearchAction\",\"target\":{\"@type\":\"EntryPoint\",\"urlTemplate\":\"https:\\\/\\\/kivitasku.com\\\/english\\\/?s={search_term_string}\"},\"query-input\":{\"@type\":\"PropertyValueSpecification\",\"valueRequired\":true,\"valueName\":\"search_term_string\"}}],\"inLanguage\":\"fi\"},{\"@type\":\"Organization\",\"@id\":\"https:\\\/\\\/kivitasku.com\\\/english\\\/#organization\",\"name\":\"K\u00e4sity\u00f6paja Kivitasku ky\",\"url\":\"https:\\\/\\\/kivitasku.com\\\/english\\\/\",\"logo\":{\"@type\":\"ImageObject\",\"inLanguage\":\"fi\",\"@id\":\"https:\\\/\\\/kivitasku.com\\\/english\\\/#\\\/schema\\\/logo\\\/image\\\/\",\"url\":\"https:\\\/\\\/kivitasku.com\\\/english\\\/wp-content\\\/uploads\\\/sites\\\/5\\\/2020\\\/08\\\/kivitasku.jpg\",\"contentUrl\":\"https:\\\/\\\/kivitasku.com\\\/english\\\/wp-content\\\/uploads\\\/sites\\\/5\\\/2020\\\/08\\\/kivitasku.jpg\",\"width\":1640,\"height\":686,\"caption\":\"K\u00e4sity\u00f6paja Kivitasku ky\"},\"image\":{\"@id\":\"https:\\\/\\\/kivitasku.com\\\/english\\\/#\\\/schema\\\/logo\\\/image\\\/\"}}]}<\/script>\n<!-- \/ Yoast SEO plugin. -->","yoast_head_json":{"title":"Current events - Kivitasku English","description":"Big aspen log\u00a0sauna Haiku is a unique experience. It is open in summertime on Wednesdays from 17-22.00. You can also swim in lake Kalaj\u00e4rvi","robots":{"index":"index","follow":"follow","max-snippet":"max-snippet:-1","max-image-preview":"max-image-preview:large","max-video-preview":"max-video-preview:-1"},"canonical":"https:\/\/kivitasku.com\/english\/current-events\/","og_locale":"fi_FI","og_type":"article","og_title":"Current events - Kivitasku English","og_description":"Big aspen log\u00a0sauna Haiku is a unique experience. It is open in summertime on Wednesdays from 17-22.00. You can also swim in lake Kalaj\u00e4rvi","og_url":"https:\/\/kivitasku.com\/english\/current-events\/","og_site_name":"Kivitasku English","article_modified_time":"2025-12-12T12:06:05+00:00","twitter_card":"summary_large_image","twitter_misc":{"Arvioitu lukuaika":"2 minuuttia"},"schema":{"@context":"https:\/\/schema.org","@graph":[{"@type":"WebPage","@id":"https:\/\/kivitasku.com\/english\/current-events\/","url":"https:\/\/kivitasku.com\/english\/current-events\/","name":"Current events - Kivitasku English","isPartOf":{"@id":"https:\/\/kivitasku.com\/english\/#website"},"datePublished":"2018-06-11T09:05:07+00:00","dateModified":"2025-12-12T12:06:05+00:00","description":"Big aspen log\u00a0sauna Haiku is a unique experience. It is open in summertime on Wednesdays from 17-22.00. You can also swim in lake Kalaj\u00e4rvi","breadcrumb":{"@id":"https:\/\/kivitasku.com\/english\/current-events\/#breadcrumb"},"inLanguage":"fi","potentialAction":[{"@type":"ReadAction","target":["https:\/\/kivitasku.com\/english\/current-events\/"]}]},{"@type":"BreadcrumbList","@id":"https:\/\/kivitasku.com\/english\/current-events\/#breadcrumb","itemListElement":[{"@type":"ListItem","position":1,"name":"Home","item":"https:\/\/kivitasku.com\/english\/"},{"@type":"ListItem","position":2,"name":"Current events"}]},{"@type":"WebSite","@id":"https:\/\/kivitasku.com\/english\/#website","url":"https:\/\/kivitasku.com\/english\/","name":"Kivitasku English","description":"Kivitasku Muurame","publisher":{"@id":"https:\/\/kivitasku.com\/english\/#organization"},"potentialAction":[{"@type":"SearchAction","target":{"@type":"EntryPoint","urlTemplate":"https:\/\/kivitasku.com\/english\/?s={search_term_string}"},"query-input":{"@type":"PropertyValueSpecification","valueRequired":true,"valueName":"search_term_string"}}],"inLanguage":"fi"},{"@type":"Organization","@id":"https:\/\/kivitasku.com\/english\/#organization","name":"K\u00e4sity\u00f6paja Kivitasku ky","url":"https:\/\/kivitasku.com\/english\/","logo":{"@type":"ImageObject","inLanguage":"fi","@id":"https:\/\/kivitasku.com\/english\/#\/schema\/logo\/image\/","url":"https:\/\/kivitasku.com\/english\/wp-content\/uploads\/sites\/5\/2020\/08\/kivitasku.jpg","contentUrl":"https:\/\/kivitasku.com\/english\/wp-content\/uploads\/sites\/5\/2020\/08\/kivitasku.jpg","width":1640,"height":686,"caption":"K\u00e4sity\u00f6paja Kivitasku ky"},"image":{"@id":"https:\/\/kivitasku.com\/english\/#\/schema\/logo\/image\/"}}]}},"_links":{"self":[{"href":"https:\/\/kivitasku.com\/english\/wp-json\/wp\/v2\/pages\/447","targetHints":{"allow":["GET"]}}],"collection":[{"href":"https:\/\/kivitasku.com\/english\/wp-json\/wp\/v2\/pages"}],"about":[{"href":"https:\/\/kivitasku.com\/english\/wp-json\/wp\/v2\/types\/page"}],"author":[{"embeddable":true,"href":"https:\/\/kivitasku.com\/english\/wp-json\/wp\/v2\/users\/1"}],"replies":[{"embeddable":true,"href":"https:\/\/kivitasku.com\/english\/wp-json\/wp\/v2\/comments?post=447"}],"version-history":[{"count":78,"href":"https:\/\/kivitasku.com\/english\/wp-json\/wp\/v2\/pages\/447\/revisions"}],"predecessor-version":[{"id":3077,"href":"https:\/\/kivitasku.com\/english\/wp-json\/wp\/v2\/pages\/447\/revisions\/3077"}],"wp:attachment":[{"href":"https:\/\/kivitasku.com\/english\/wp-json\/wp\/v2\/media?parent=447"}],"curies":[{"name":"wp","href":"https:\/\/api.w.org\/{rel}","templated":true}]}}