{"id":460,"date":"2020-09-15T13:13:11","date_gmt":"2020-09-15T10:13:11","guid":{"rendered":"http:\/\/kivitasku.com\/haikusauna\/?page_id=460"},"modified":"2024-10-21T20:20:28","modified_gmt":"2024-10-21T17:20:28","slug":"yhteystiedot","status":"publish","type":"page","link":"https:\/\/kivitasku.com\/haikusauna\/yhteystiedot\/","title":{"rendered":"Yhteystiedot"},"content":{"rendered":"\t\t<div data-elementor-type=\"wp-page\" data-elementor-id=\"460\" class=\"elementor elementor-460\">\n\t\t\t\t\t\t<section class=\"elementor-section elementor-top-section elementor-element elementor-element-9cae800 elementor-section-boxed elementor-section-height-default elementor-section-height-default\" data-id=\"9cae800\" data-element_type=\"section\" data-e-type=\"section\" data-settings=\"{&quot;background_background&quot;:&quot;classic&quot;}\">\n\t\t\t\t\t\t<div class=\"elementor-container elementor-column-gap-default\">\n\t\t\t\t\t<div class=\"elementor-column elementor-col-100 elementor-top-column elementor-element elementor-element-15c1b92\" data-id=\"15c1b92\" data-element_type=\"column\" data-e-type=\"column\">\n\t\t\t<div class=\"elementor-widget-wrap elementor-element-populated\">\n\t\t\t\t\t\t<div class=\"elementor-element elementor-element-6fba117 elementor-widget elementor-widget-spacer\" data-id=\"6fba117\" data-element_type=\"widget\" data-e-type=\"widget\" data-widget_type=\"spacer.default\">\n\t\t\t\t<div class=\"elementor-widget-container\">\n\t\t\t\t\t\t\t<div class=\"elementor-spacer\">\n\t\t\t<div class=\"elementor-spacer-inner\"><\/div>\n\t\t<\/div>\n\t\t\t\t\t\t<\/div>\n\t\t\t\t<\/div>\n\t\t\t\t<div class=\"elementor-element elementor-element-3e4e274 elementor-widget elementor-widget-spacer\" data-id=\"3e4e274\" data-element_type=\"widget\" data-e-type=\"widget\" data-widget_type=\"spacer.default\">\n\t\t\t\t<div class=\"elementor-widget-container\">\n\t\t\t\t\t\t\t<div class=\"elementor-spacer\">\n\t\t\t<div class=\"elementor-spacer-inner\"><\/div>\n\t\t<\/div>\n\t\t\t\t\t\t<\/div>\n\t\t\t\t<\/div>\n\t\t\t\t<div class=\"elementor-element elementor-element-da19dc0 elementor-invisible elementor-widget elementor-widget-heading\" data-id=\"da19dc0\" data-element_type=\"widget\" data-e-type=\"widget\" data-settings=\"{&quot;_animation&quot;:&quot;slideInLeft&quot;}\" data-widget_type=\"heading.default\">\n\t\t\t\t<div class=\"elementor-widget-container\">\n\t\t\t\t\t<h2 class=\"elementor-heading-title elementor-size-default\">Yhteystiedot<\/h2>\t\t\t\t<\/div>\n\t\t\t\t<\/div>\n\t\t\t\t<div class=\"elementor-element elementor-element-a537a61 elementor-widget elementor-widget-spacer\" data-id=\"a537a61\" data-element_type=\"widget\" data-e-type=\"widget\" data-widget_type=\"spacer.default\">\n\t\t\t\t<div class=\"elementor-widget-container\">\n\t\t\t\t\t\t\t<div class=\"elementor-spacer\">\n\t\t\t<div class=\"elementor-spacer-inner\"><\/div>\n\t\t<\/div>\n\t\t\t\t\t\t<\/div>\n\t\t\t\t<\/div>\n\t\t\t\t\t<\/div>\n\t\t<\/div>\n\t\t\t\t\t<\/div>\n\t\t<\/section>\n\t\t\t\t<section class=\"elementor-section elementor-top-section elementor-element elementor-element-bbeafa7 elementor-section-boxed elementor-section-height-default elementor-section-height-default\" data-id=\"bbeafa7\" data-element_type=\"section\" data-e-type=\"section\">\n\t\t\t\t\t\t<div class=\"elementor-container elementor-column-gap-default\">\n\t\t\t\t\t<div class=\"elementor-column elementor-col-100 elementor-top-column elementor-element elementor-element-134c25c\" data-id=\"134c25c\" data-element_type=\"column\" data-e-type=\"column\">\n\t\t\t<div class=\"elementor-widget-wrap elementor-element-populated\">\n\t\t\t\t\t\t<div class=\"elementor-element elementor-element-16c984c elementor-widget elementor-widget-text-editor\" data-id=\"16c984c\" data-element_type=\"widget\" data-e-type=\"widget\" data-widget_type=\"text-editor.default\">\n\t\t\t\t<div class=\"elementor-widget-container\">\n\t\t\t\t\t\t\t\t\t<p>\u00a0<\/p><p style=\"text-align: left;\">Kivitasku Muurame Ky<\/p><p style=\"text-align: left;\">Kivitaskuntie 48<br \/>40950 Muurame<br \/>Finland<\/p><p style=\"text-align: left;\">Y-tunnus: 2930582-8<\/p><p style=\"text-align: left;\">Mobile: 050 523 7740 and from abroad: +(358)50 523 7740<\/p><p style=\"text-align: left;\"><a href=\"https:\/\/fi-fi.facebook.com\/pages\/K%C3%84SITY%C3%96PAJA-KIVITASKU\/125292227481151\" target=\"_blank\" rel=\"noopener noreferrer\"><img decoding=\"async\" data-src=\"http:\/\/kivitasku.com\/wp-content\/uploads\/2015\/06\/facebook-icon1.jpg\" alt=\"facebook-icon\" width=\"131\" height=\"35\" src=\"data:image\/svg+xml;base64,PHN2ZyB3aWR0aD0iMSIgaGVpZ2h0PSIxIiB4bWxucz0iaHR0cDovL3d3dy53My5vcmcvMjAwMC9zdmciPjwvc3ZnPg==\" class=\"lazyload\" style=\"--smush-placeholder-width: 131px; --smush-placeholder-aspect-ratio: 131\/35;\" \/><\/a> email:\u00a0<strong>info@kivitasku.com<\/strong><\/p><hr \/><p style=\"text-align: left;\">Ota yhteytt\u00e4 ja pyyd\u00e4 tarjousta!<br \/>Kerromme mielell\u00e4mme lis\u00e4\u00e4 niin saunasta kuin ruokailumahdollisuuksistakin.<\/p>\t\t\t\t\t\t\t\t<\/div>\n\t\t\t\t<\/div>\n\t\t\t\t\t<\/div>\n\t\t<\/div>\n\t\t\t\t\t<\/div>\n\t\t<\/section>\n\t\t\t\t<\/div>\n\t\t","protected":false},"excerpt":{"rendered":"<p>Yhteystiedot \u00a0 Kivitasku Muurame Ky Kivitaskuntie 4840950 MuurameFinland Y-tunnus: 2930582-8 Mobile: 050 523 7740 and from abroad: +(358)50 523 7740 email:\u00a0info@kivitasku.com Ota yhteytt\u00e4 ja pyyd\u00e4 tarjousta!Kerromme mielell\u00e4mme lis\u00e4\u00e4 niin saunasta kuin ruokailumahdollisuuksistakin.<\/p>\n","protected":false},"author":1,"featured_media":0,"parent":0,"menu_order":0,"comment_status":"closed","ping_status":"closed","template":"","meta":{"footnotes":""},"class_list":["post-460","page","type-page","status-publish","hentry"],"blocksy_meta":[],"yoast_head":"<!-- This site is optimized with the Yoast SEO plugin v27.4 - https:\/\/yoast.com\/product\/yoast-seo-wordpress\/ -->\n<title>Yhteystiedot - Haikusauna<\/title>\n<meta name=\"robots\" content=\"index, follow, max-snippet:-1, max-image-preview:large, max-video-preview:-1\" \/>\n<link rel=\"canonical\" href=\"https:\/\/kivitasku.com\/haikusauna\/yhteystiedot\/\" \/>\n<meta property=\"og:locale\" content=\"fi_FI\" \/>\n<meta property=\"og:type\" content=\"article\" \/>\n<meta property=\"og:title\" content=\"Yhteystiedot - Haikusauna\" \/>\n<meta property=\"og:description\" content=\"Yhteystiedot \u00a0 Kivitasku Muurame Ky Kivitaskuntie 4840950 MuurameFinland Y-tunnus: 2930582-8 Mobile: 050 523 7740 and from abroad: +(358)50 523 7740 email:\u00a0info@kivitasku.com Ota yhteytt\u00e4 ja pyyd\u00e4 tarjousta!Kerromme mielell\u00e4mme lis\u00e4\u00e4 niin saunasta kuin ruokailumahdollisuuksistakin.\" \/>\n<meta property=\"og:url\" content=\"https:\/\/kivitasku.com\/haikusauna\/yhteystiedot\/\" \/>\n<meta property=\"og:site_name\" content=\"Haikusauna\" \/>\n<meta property=\"article:modified_time\" content=\"2024-10-21T17:20:28+00:00\" \/>\n<meta property=\"og:image\" content=\"http:\/\/kivitasku.com\/wp-content\/uploads\/2015\/06\/facebook-icon1.jpg\" \/>\n<meta name=\"twitter:card\" content=\"summary_large_image\" \/>\n<meta name=\"twitter:label1\" content=\"Arvioitu lukuaika\" \/>\n\t<meta name=\"twitter:data1\" content=\"1 minuutti\" \/>\n<script type=\"application\/ld+json\" class=\"yoast-schema-graph\">{\"@context\":\"https:\\\/\\\/schema.org\",\"@graph\":[{\"@type\":\"WebPage\",\"@id\":\"https:\\\/\\\/kivitasku.com\\\/haikusauna\\\/yhteystiedot\\\/\",\"url\":\"https:\\\/\\\/kivitasku.com\\\/haikusauna\\\/yhteystiedot\\\/\",\"name\":\"Yhteystiedot - Haikusauna\",\"isPartOf\":{\"@id\":\"https:\\\/\\\/kivitasku.com\\\/haikusauna\\\/#website\"},\"primaryImageOfPage\":{\"@id\":\"https:\\\/\\\/kivitasku.com\\\/haikusauna\\\/yhteystiedot\\\/#primaryimage\"},\"image\":{\"@id\":\"https:\\\/\\\/kivitasku.com\\\/haikusauna\\\/yhteystiedot\\\/#primaryimage\"},\"thumbnailUrl\":\"http:\\\/\\\/kivitasku.com\\\/wp-content\\\/uploads\\\/2015\\\/06\\\/facebook-icon1.jpg\",\"datePublished\":\"2020-09-15T10:13:11+00:00\",\"dateModified\":\"2024-10-21T17:20:28+00:00\",\"breadcrumb\":{\"@id\":\"https:\\\/\\\/kivitasku.com\\\/haikusauna\\\/yhteystiedot\\\/#breadcrumb\"},\"inLanguage\":\"fi\",\"potentialAction\":[{\"@type\":\"ReadAction\",\"target\":[\"https:\\\/\\\/kivitasku.com\\\/haikusauna\\\/yhteystiedot\\\/\"]}]},{\"@type\":\"ImageObject\",\"inLanguage\":\"fi\",\"@id\":\"https:\\\/\\\/kivitasku.com\\\/haikusauna\\\/yhteystiedot\\\/#primaryimage\",\"url\":\"http:\\\/\\\/kivitasku.com\\\/wp-content\\\/uploads\\\/2015\\\/06\\\/facebook-icon1.jpg\",\"contentUrl\":\"http:\\\/\\\/kivitasku.com\\\/wp-content\\\/uploads\\\/2015\\\/06\\\/facebook-icon1.jpg\"},{\"@type\":\"BreadcrumbList\",\"@id\":\"https:\\\/\\\/kivitasku.com\\\/haikusauna\\\/yhteystiedot\\\/#breadcrumb\",\"itemListElement\":[{\"@type\":\"ListItem\",\"position\":1,\"name\":\"Home\",\"item\":\"https:\\\/\\\/kivitasku.com\\\/haikusauna\\\/\"},{\"@type\":\"ListItem\",\"position\":2,\"name\":\"Yhteystiedot\"}]},{\"@type\":\"WebSite\",\"@id\":\"https:\\\/\\\/kivitasku.com\\\/haikusauna\\\/#website\",\"url\":\"https:\\\/\\\/kivitasku.com\\\/haikusauna\\\/\",\"name\":\"Haikusauna\",\"description\":\"Haikusauna Muurame\",\"potentialAction\":[{\"@type\":\"SearchAction\",\"target\":{\"@type\":\"EntryPoint\",\"urlTemplate\":\"https:\\\/\\\/kivitasku.com\\\/haikusauna\\\/?s={search_term_string}\"},\"query-input\":{\"@type\":\"PropertyValueSpecification\",\"valueRequired\":true,\"valueName\":\"search_term_string\"}}],\"inLanguage\":\"fi\"}]}<\/script>\n<!-- \/ Yoast SEO plugin. -->","yoast_head_json":{"title":"Yhteystiedot - Haikusauna","robots":{"index":"index","follow":"follow","max-snippet":"max-snippet:-1","max-image-preview":"max-image-preview:large","max-video-preview":"max-video-preview:-1"},"canonical":"https:\/\/kivitasku.com\/haikusauna\/yhteystiedot\/","og_locale":"fi_FI","og_type":"article","og_title":"Yhteystiedot - Haikusauna","og_description":"Yhteystiedot \u00a0 Kivitasku Muurame Ky Kivitaskuntie 4840950 MuurameFinland Y-tunnus: 2930582-8 Mobile: 050 523 7740 and from abroad: +(358)50 523 7740 email:\u00a0info@kivitasku.com Ota yhteytt\u00e4 ja pyyd\u00e4 tarjousta!Kerromme mielell\u00e4mme lis\u00e4\u00e4 niin saunasta kuin ruokailumahdollisuuksistakin.","og_url":"https:\/\/kivitasku.com\/haikusauna\/yhteystiedot\/","og_site_name":"Haikusauna","article_modified_time":"2024-10-21T17:20:28+00:00","og_image":[{"url":"http:\/\/kivitasku.com\/wp-content\/uploads\/2015\/06\/facebook-icon1.jpg","type":"","width":"","height":""}],"twitter_card":"summary_large_image","twitter_misc":{"Arvioitu lukuaika":"1 minuutti"},"schema":{"@context":"https:\/\/schema.org","@graph":[{"@type":"WebPage","@id":"https:\/\/kivitasku.com\/haikusauna\/yhteystiedot\/","url":"https:\/\/kivitasku.com\/haikusauna\/yhteystiedot\/","name":"Yhteystiedot - Haikusauna","isPartOf":{"@id":"https:\/\/kivitasku.com\/haikusauna\/#website"},"primaryImageOfPage":{"@id":"https:\/\/kivitasku.com\/haikusauna\/yhteystiedot\/#primaryimage"},"image":{"@id":"https:\/\/kivitasku.com\/haikusauna\/yhteystiedot\/#primaryimage"},"thumbnailUrl":"http:\/\/kivitasku.com\/wp-content\/uploads\/2015\/06\/facebook-icon1.jpg","datePublished":"2020-09-15T10:13:11+00:00","dateModified":"2024-10-21T17:20:28+00:00","breadcrumb":{"@id":"https:\/\/kivitasku.com\/haikusauna\/yhteystiedot\/#breadcrumb"},"inLanguage":"fi","potentialAction":[{"@type":"ReadAction","target":["https:\/\/kivitasku.com\/haikusauna\/yhteystiedot\/"]}]},{"@type":"ImageObject","inLanguage":"fi","@id":"https:\/\/kivitasku.com\/haikusauna\/yhteystiedot\/#primaryimage","url":"http:\/\/kivitasku.com\/wp-content\/uploads\/2015\/06\/facebook-icon1.jpg","contentUrl":"http:\/\/kivitasku.com\/wp-content\/uploads\/2015\/06\/facebook-icon1.jpg"},{"@type":"BreadcrumbList","@id":"https:\/\/kivitasku.com\/haikusauna\/yhteystiedot\/#breadcrumb","itemListElement":[{"@type":"ListItem","position":1,"name":"Home","item":"https:\/\/kivitasku.com\/haikusauna\/"},{"@type":"ListItem","position":2,"name":"Yhteystiedot"}]},{"@type":"WebSite","@id":"https:\/\/kivitasku.com\/haikusauna\/#website","url":"https:\/\/kivitasku.com\/haikusauna\/","name":"Haikusauna","description":"Haikusauna Muurame","potentialAction":[{"@type":"SearchAction","target":{"@type":"EntryPoint","urlTemplate":"https:\/\/kivitasku.com\/haikusauna\/?s={search_term_string}"},"query-input":{"@type":"PropertyValueSpecification","valueRequired":true,"valueName":"search_term_string"}}],"inLanguage":"fi"}]}},"_links":{"self":[{"href":"https:\/\/kivitasku.com\/haikusauna\/wp-json\/wp\/v2\/pages\/460","targetHints":{"allow":["GET"]}}],"collection":[{"href":"https:\/\/kivitasku.com\/haikusauna\/wp-json\/wp\/v2\/pages"}],"about":[{"href":"https:\/\/kivitasku.com\/haikusauna\/wp-json\/wp\/v2\/types\/page"}],"author":[{"embeddable":true,"href":"https:\/\/kivitasku.com\/haikusauna\/wp-json\/wp\/v2\/users\/1"}],"replies":[{"embeddable":true,"href":"https:\/\/kivitasku.com\/haikusauna\/wp-json\/wp\/v2\/comments?post=460"}],"version-history":[{"count":12,"href":"https:\/\/kivitasku.com\/haikusauna\/wp-json\/wp\/v2\/pages\/460\/revisions"}],"predecessor-version":[{"id":1856,"href":"https:\/\/kivitasku.com\/haikusauna\/wp-json\/wp\/v2\/pages\/460\/revisions\/1856"}],"wp:attachment":[{"href":"https:\/\/kivitasku.com\/haikusauna\/wp-json\/wp\/v2\/media?parent=460"}],"curies":[{"name":"wp","href":"https:\/\/api.w.org\/{rel}","templated":true}]}}