{"id":157,"date":"2020-01-28T17:54:14","date_gmt":"2020-01-28T15:54:14","guid":{"rendered":"http:\/\/kivitasku.com\/puunsyy\/?page_id=157"},"modified":"2020-03-13T17:26:38","modified_gmt":"2020-03-13T15:26:38","slug":"yritys","status":"publish","type":"page","link":"https:\/\/kivitasku.com\/puunsyy\/yritys\/","title":{"rendered":"Palvelut"},"content":{"rendered":"\t\t<div data-elementor-type=\"wp-page\" data-elementor-id=\"157\" class=\"elementor elementor-157\">\n\t\t\t\t\t\t<section class=\"elementor-section elementor-top-section elementor-element elementor-element-9cae800 elementor-section-boxed elementor-section-height-default elementor-section-height-default\" data-id=\"9cae800\" data-element_type=\"section\" data-e-type=\"section\" data-settings=\"{&quot;background_background&quot;:&quot;classic&quot;}\">\n\t\t\t\t\t\t<div class=\"elementor-container elementor-column-gap-default\">\n\t\t\t\t\t<div class=\"elementor-column elementor-col-100 elementor-top-column elementor-element elementor-element-15c1b92\" data-id=\"15c1b92\" data-element_type=\"column\" data-e-type=\"column\">\n\t\t\t<div class=\"elementor-widget-wrap elementor-element-populated\">\n\t\t\t\t\t\t<div class=\"elementor-element elementor-element-6fba117 elementor-widget elementor-widget-spacer\" data-id=\"6fba117\" data-element_type=\"widget\" data-e-type=\"widget\" data-widget_type=\"spacer.default\">\n\t\t\t\t<div class=\"elementor-widget-container\">\n\t\t\t\t\t\t\t<div class=\"elementor-spacer\">\n\t\t\t<div class=\"elementor-spacer-inner\"><\/div>\n\t\t<\/div>\n\t\t\t\t\t\t<\/div>\n\t\t\t\t<\/div>\n\t\t\t\t<div class=\"elementor-element elementor-element-3e4e274 elementor-widget elementor-widget-spacer\" data-id=\"3e4e274\" data-element_type=\"widget\" data-e-type=\"widget\" data-widget_type=\"spacer.default\">\n\t\t\t\t<div class=\"elementor-widget-container\">\n\t\t\t\t\t\t\t<div class=\"elementor-spacer\">\n\t\t\t<div class=\"elementor-spacer-inner\"><\/div>\n\t\t<\/div>\n\t\t\t\t\t\t<\/div>\n\t\t\t\t<\/div>\n\t\t\t\t<div class=\"elementor-element elementor-element-da19dc0 elementor-invisible elementor-widget elementor-widget-heading\" data-id=\"da19dc0\" data-element_type=\"widget\" data-e-type=\"widget\" data-settings=\"{&quot;_animation&quot;:&quot;slideInLeft&quot;}\" data-widget_type=\"heading.default\">\n\t\t\t\t<div class=\"elementor-widget-container\">\n\t\t\t\t\t<h2 class=\"elementor-heading-title elementor-size-default\">Palvelut<\/h2>\t\t\t\t<\/div>\n\t\t\t\t<\/div>\n\t\t\t\t<div class=\"elementor-element elementor-element-83606ae elementor-widget elementor-widget-text-editor\" data-id=\"83606ae\" data-element_type=\"widget\" data-e-type=\"widget\" data-widget_type=\"text-editor.default\">\n\t\t\t\t<div class=\"elementor-widget-container\">\n\t\t\t\t\t\t\t\t\t<h5>\u00a0<\/h5><h5>Valmistamme korkealuokkaiset puusep\u00e4nty\u00f6t ammattitaidolla ja asiakkaan toiveita kunnioittaen. Kaikki ty\u00f6t tehd\u00e4\u00e4n k\u00e4sity\u00f6n\u00e4 Muuramen verstaalla. Suosimme valmistusmateriaalina kotimaista koivua ja m\u00e4nty\u00e4 sek\u00e4 pintak\u00e4sittelyss\u00e4 ymp\u00e4rist\u00f6yst\u00e4v\u00e4llisempi\u00e4 puuvahoja.<\/h5><h5>Ota yhteytt\u00e4 niin suunnittelemme yhdess\u00e4 teille sopivimman ratkaisun!<\/h5><h5>-Huonekalut<\/h5><h5>-Kodin k\u00e4ytt\u00f6esineet<\/h5><h5>-Valaisimet<\/h5><h5>-Erikoistilaukset<\/h5><h5>-Huonekalujen kunnostus<\/h5><h5>-Huonekalujen asennuspalvelut<\/h5><div>\u00a0<\/div><div>\u00a0<\/div>\t\t\t\t\t\t\t\t<\/div>\n\t\t\t\t<\/div>\n\t\t\t\t<div class=\"elementor-element elementor-element-a537a61 elementor-widget elementor-widget-spacer\" data-id=\"a537a61\" data-element_type=\"widget\" data-e-type=\"widget\" data-widget_type=\"spacer.default\">\n\t\t\t\t<div class=\"elementor-widget-container\">\n\t\t\t\t\t\t\t<div class=\"elementor-spacer\">\n\t\t\t<div class=\"elementor-spacer-inner\"><\/div>\n\t\t<\/div>\n\t\t\t\t\t\t<\/div>\n\t\t\t\t<\/div>\n\t\t\t\t\t<\/div>\n\t\t<\/div>\n\t\t\t\t\t<\/div>\n\t\t<\/section>\n\t\t\t\t<section class=\"elementor-section elementor-top-section elementor-element elementor-element-722fa00 elementor-section-boxed elementor-section-height-default elementor-section-height-default\" data-id=\"722fa00\" data-element_type=\"section\" data-e-type=\"section\">\n\t\t\t\t\t\t<div class=\"elementor-container elementor-column-gap-default\">\n\t\t\t\t\t<div class=\"elementor-column elementor-col-100 elementor-top-column elementor-element elementor-element-da27a14\" data-id=\"da27a14\" data-element_type=\"column\" data-e-type=\"column\">\n\t\t\t<div class=\"elementor-widget-wrap elementor-element-populated\">\n\t\t\t\t\t\t<div class=\"elementor-element elementor-element-486e74f elementor-arrows-position-inside elementor-pagination-position-outside elementor-widget elementor-widget-image-carousel\" data-id=\"486e74f\" data-element_type=\"widget\" data-e-type=\"widget\" data-settings=\"{&quot;navigation&quot;:&quot;both&quot;,&quot;autoplay&quot;:&quot;yes&quot;,&quot;pause_on_hover&quot;:&quot;yes&quot;,&quot;pause_on_interaction&quot;:&quot;yes&quot;,&quot;autoplay_speed&quot;:5000,&quot;infinite&quot;:&quot;yes&quot;,&quot;speed&quot;:500}\" data-widget_type=\"image-carousel.default\">\n\t\t\t\t<div class=\"elementor-widget-container\">\n\t\t\t\t\t\t\t<div class=\"elementor-image-carousel-wrapper swiper\" role=\"region\" aria-roledescription=\"carousel\" aria-label=\"Kuvakaruselli\" dir=\"ltr\">\n\t\t\t<div class=\"elementor-image-carousel swiper-wrapper\" aria-live=\"off\">\n\t\t\t\t\t\t\t\t<div class=\"swiper-slide\" role=\"group\" aria-roledescription=\"slide\" aria-label=\"1 of 7\"><figure class=\"swiper-slide-inner\"><img decoding=\"async\" class=\"swiper-slide-image lazyload\" data-src=\"https:\/\/kivitasku.com\/puunsyy\/wp-content\/uploads\/sites\/3\/2020\/01\/Ukko-lamppuesitekuva-1-213x300.jpg\" alt=\"Ukko lamppuesitekuva\" src=\"data:image\/svg+xml;base64,PHN2ZyB3aWR0aD0iMSIgaGVpZ2h0PSIxIiB4bWxucz0iaHR0cDovL3d3dy53My5vcmcvMjAwMC9zdmciPjwvc3ZnPg==\" style=\"--smush-placeholder-width: 213px; --smush-placeholder-aspect-ratio: 213\/300;\" \/><\/figure><\/div><div class=\"swiper-slide\" role=\"group\" aria-roledescription=\"slide\" aria-label=\"2 of 7\"><figure class=\"swiper-slide-inner\"><img decoding=\"async\" class=\"swiper-slide-image lazyload\" data-src=\"https:\/\/kivitasku.com\/puunsyy\/wp-content\/uploads\/sites\/3\/2020\/01\/jakkara-232x300.jpg\" alt=\"jakkara\" src=\"data:image\/svg+xml;base64,PHN2ZyB3aWR0aD0iMSIgaGVpZ2h0PSIxIiB4bWxucz0iaHR0cDovL3d3dy53My5vcmcvMjAwMC9zdmciPjwvc3ZnPg==\" style=\"--smush-placeholder-width: 232px; --smush-placeholder-aspect-ratio: 232\/300;\" \/><\/figure><\/div><div class=\"swiper-slide\" role=\"group\" aria-roledescription=\"slide\" aria-label=\"3 of 7\"><figure class=\"swiper-slide-inner\"><img decoding=\"async\" class=\"swiper-slide-image lazyload\" data-src=\"https:\/\/kivitasku.com\/puunsyy\/wp-content\/uploads\/sites\/3\/2020\/02\/uurna-1-199x300.jpg\" alt=\"uurna\" src=\"data:image\/svg+xml;base64,PHN2ZyB3aWR0aD0iMSIgaGVpZ2h0PSIxIiB4bWxucz0iaHR0cDovL3d3dy53My5vcmcvMjAwMC9zdmciPjwvc3ZnPg==\" style=\"--smush-placeholder-width: 199px; --smush-placeholder-aspect-ratio: 199\/300;\" \/><\/figure><\/div><div class=\"swiper-slide\" role=\"group\" aria-roledescription=\"slide\" aria-label=\"4 of 7\"><figure class=\"swiper-slide-inner\"><img decoding=\"async\" class=\"swiper-slide-image lazyload\" data-src=\"https:\/\/kivitasku.com\/puunsyy\/wp-content\/uploads\/sites\/3\/2020\/02\/Wellamo-lamppuesitekuva-228x300.jpg\" alt=\"Wellamo lamppuesitekuva\" src=\"data:image\/svg+xml;base64,PHN2ZyB3aWR0aD0iMSIgaGVpZ2h0PSIxIiB4bWxucz0iaHR0cDovL3d3dy53My5vcmcvMjAwMC9zdmciPjwvc3ZnPg==\" style=\"--smush-placeholder-width: 228px; --smush-placeholder-aspect-ratio: 228\/300;\" \/><\/figure><\/div><div class=\"swiper-slide\" role=\"group\" aria-roledescription=\"slide\" aria-label=\"5 of 7\"><figure class=\"swiper-slide-inner\"><img decoding=\"async\" class=\"swiper-slide-image lazyload\" data-src=\"https:\/\/kivitasku.com\/puunsyy\/wp-content\/uploads\/sites\/3\/2020\/02\/Ukko-lamppuesitekuva-213x300.jpg\" alt=\"Ukko lamppuesitekuva\" src=\"data:image\/svg+xml;base64,PHN2ZyB3aWR0aD0iMSIgaGVpZ2h0PSIxIiB4bWxucz0iaHR0cDovL3d3dy53My5vcmcvMjAwMC9zdmciPjwvc3ZnPg==\" style=\"--smush-placeholder-width: 213px; --smush-placeholder-aspect-ratio: 213\/300;\" \/><\/figure><\/div><div class=\"swiper-slide\" role=\"group\" aria-roledescription=\"slide\" aria-label=\"6 of 7\"><figure class=\"swiper-slide-inner\"><img decoding=\"async\" class=\"swiper-slide-image lazyload\" data-src=\"https:\/\/kivitasku.com\/puunsyy\/wp-content\/uploads\/sites\/3\/2020\/02\/sivupoyta-209x300.jpg\" alt=\"sivupoyta\" src=\"data:image\/svg+xml;base64,PHN2ZyB3aWR0aD0iMSIgaGVpZ2h0PSIxIiB4bWxucz0iaHR0cDovL3d3dy53My5vcmcvMjAwMC9zdmciPjwvc3ZnPg==\" style=\"--smush-placeholder-width: 209px; --smush-placeholder-aspect-ratio: 209\/300;\" \/><\/figure><\/div><div class=\"swiper-slide\" role=\"group\" aria-roledescription=\"slide\" aria-label=\"7 of 7\"><figure class=\"swiper-slide-inner\"><img decoding=\"async\" class=\"swiper-slide-image lazyload\" data-src=\"https:\/\/kivitasku.com\/puunsyy\/wp-content\/uploads\/sites\/3\/2020\/02\/kaappi2-218x300.jpg\" alt=\"kaappi2\" src=\"data:image\/svg+xml;base64,PHN2ZyB3aWR0aD0iMSIgaGVpZ2h0PSIxIiB4bWxucz0iaHR0cDovL3d3dy53My5vcmcvMjAwMC9zdmciPjwvc3ZnPg==\" style=\"--smush-placeholder-width: 218px; --smush-placeholder-aspect-ratio: 218\/300;\" \/><\/figure><\/div>\t\t\t<\/div>\n\t\t\t\t\t\t\t\t\t\t\t\t<div class=\"elementor-swiper-button elementor-swiper-button-prev\" role=\"button\" tabindex=\"0\">\n\t\t\t\t\t\t<i aria-hidden=\"true\" class=\"eicon-chevron-left\"><\/i>\t\t\t\t\t<\/div>\n\t\t\t\t\t<div class=\"elementor-swiper-button elementor-swiper-button-next\" role=\"button\" tabindex=\"0\">\n\t\t\t\t\t\t<i aria-hidden=\"true\" class=\"eicon-chevron-right\"><\/i>\t\t\t\t\t<\/div>\n\t\t\t\t\n\t\t\t\t\t\t\t\t\t<div class=\"swiper-pagination\"><\/div>\n\t\t\t\t\t\t\t\t\t<\/div>\n\t\t\t\t\t\t<\/div>\n\t\t\t\t<\/div>\n\t\t\t\t<div class=\"elementor-element elementor-element-a395ef5 elementor-widget__width-inherit elementor-widget elementor-widget-spacer\" data-id=\"a395ef5\" data-element_type=\"widget\" data-e-type=\"widget\" data-widget_type=\"spacer.default\">\n\t\t\t\t<div class=\"elementor-widget-container\">\n\t\t\t\t\t\t\t<div class=\"elementor-spacer\">\n\t\t\t<div class=\"elementor-spacer-inner\"><\/div>\n\t\t<\/div>\n\t\t\t\t\t\t<\/div>\n\t\t\t\t<\/div>\n\t\t\t\t\t<\/div>\n\t\t<\/div>\n\t\t\t\t\t<\/div>\n\t\t<\/section>\n\t\t\t\t<section class=\"elementor-section elementor-top-section elementor-element elementor-element-2b6e460a elementor-section-content-middle elementor-section-boxed elementor-section-height-default elementor-section-height-default\" data-id=\"2b6e460a\" data-element_type=\"section\" data-e-type=\"section\" data-settings=\"{&quot;background_background&quot;:&quot;classic&quot;}\">\n\t\t\t\t\t\t<div class=\"elementor-container elementor-column-gap-default\">\n\t\t\t\t\t<div class=\"elementor-column elementor-col-33 elementor-top-column elementor-element elementor-element-198a361e\" data-id=\"198a361e\" data-element_type=\"column\" data-e-type=\"column\">\n\t\t\t<div class=\"elementor-widget-wrap elementor-element-populated\">\n\t\t\t\t\t\t<div class=\"elementor-element elementor-element-545606d1 elementor-widget elementor-widget-image\" data-id=\"545606d1\" data-element_type=\"widget\" data-e-type=\"widget\" data-widget_type=\"image.default\">\n\t\t\t\t<div class=\"elementor-widget-container\">\n\t\t\t\t\t\t\t\t\t\t\t\t\t\t\t<img decoding=\"async\" width=\"150\" height=\"150\" data-src=\"https:\/\/kivitasku.com\/puunsyy\/wp-content\/uploads\/sites\/3\/2020\/01\/logo2x-150x150.png\" class=\"attachment-thumbnail size-thumbnail wp-image-111 lazyload\" alt=\"\" data-srcset=\"https:\/\/kivitasku.com\/puunsyy\/wp-content\/uploads\/sites\/3\/2020\/01\/logo2x-150x150.png 150w, https:\/\/kivitasku.com\/puunsyy\/wp-content\/uploads\/sites\/3\/2020\/01\/logo2x.png 160w\" data-sizes=\"(max-width: 150px) 100vw, 150px\" src=\"data:image\/svg+xml;base64,PHN2ZyB3aWR0aD0iMSIgaGVpZ2h0PSIxIiB4bWxucz0iaHR0cDovL3d3dy53My5vcmcvMjAwMC9zdmciPjwvc3ZnPg==\" style=\"--smush-placeholder-width: 150px; --smush-placeholder-aspect-ratio: 150\/150;\" \/>\t\t\t\t\t\t\t\t\t\t\t\t\t\t\t<\/div>\n\t\t\t\t<\/div>\n\t\t\t\t\t<\/div>\n\t\t<\/div>\n\t\t\t\t<div class=\"elementor-column elementor-col-33 elementor-top-column elementor-element elementor-element-53cb309c\" data-id=\"53cb309c\" data-element_type=\"column\" data-e-type=\"column\">\n\t\t\t<div class=\"elementor-widget-wrap\">\n\t\t\t\t\t\t\t<\/div>\n\t\t<\/div>\n\t\t\t\t<div class=\"elementor-column elementor-col-33 elementor-top-column elementor-element elementor-element-2633557a\" data-id=\"2633557a\" data-element_type=\"column\" data-e-type=\"column\">\n\t\t\t<div class=\"elementor-widget-wrap\">\n\t\t\t\t\t\t\t<\/div>\n\t\t<\/div>\n\t\t\t\t\t<\/div>\n\t\t<\/section>\n\t\t\t\t<section class=\"elementor-section elementor-top-section elementor-element elementor-element-3ca3309 elementor-section-boxed elementor-section-height-default elementor-section-height-default\" data-id=\"3ca3309\" data-element_type=\"section\" data-e-type=\"section\">\n\t\t\t\t\t\t<div class=\"elementor-container elementor-column-gap-default\">\n\t\t\t\t\t<div class=\"elementor-column elementor-col-100 elementor-top-column elementor-element elementor-element-4a0f9d5\" data-id=\"4a0f9d5\" data-element_type=\"column\" data-e-type=\"column\">\n\t\t\t<div class=\"elementor-widget-wrap\">\n\t\t\t\t\t\t\t<\/div>\n\t\t<\/div>\n\t\t\t\t\t<\/div>\n\t\t<\/section>\n\t\t\t\t<section class=\"elementor-section elementor-top-section elementor-element elementor-element-deee504 elementor-section-boxed elementor-section-height-default elementor-section-height-default\" data-id=\"deee504\" data-element_type=\"section\" data-e-type=\"section\">\n\t\t\t\t\t\t<div class=\"elementor-container elementor-column-gap-default\">\n\t\t\t\t\t<div class=\"elementor-column elementor-col-100 elementor-top-column elementor-element elementor-element-587db95\" data-id=\"587db95\" data-element_type=\"column\" data-e-type=\"column\">\n\t\t\t<div class=\"elementor-widget-wrap\">\n\t\t\t\t\t\t\t<\/div>\n\t\t<\/div>\n\t\t\t\t\t<\/div>\n\t\t<\/section>\n\t\t\t\t<section class=\"elementor-section elementor-top-section elementor-element elementor-element-b29b88b elementor-section-boxed elementor-section-height-default elementor-section-height-default\" data-id=\"b29b88b\" data-element_type=\"section\" data-e-type=\"section\">\n\t\t\t\t\t\t<div class=\"elementor-container elementor-column-gap-default\">\n\t\t\t\t\t<div class=\"elementor-column elementor-col-100 elementor-top-column elementor-element elementor-element-a7f6be6\" data-id=\"a7f6be6\" data-element_type=\"column\" data-e-type=\"column\">\n\t\t\t<div class=\"elementor-widget-wrap\">\n\t\t\t\t\t\t\t<\/div>\n\t\t<\/div>\n\t\t\t\t\t<\/div>\n\t\t<\/section>\n\t\t\t\t<\/div>\n\t\t","protected":false},"excerpt":{"rendered":"<p>Palvelut \u00a0 Valmistamme korkealuokkaiset puusep\u00e4nty\u00f6t ammattitaidolla ja asiakkaan toiveita kunnioittaen. Kaikki ty\u00f6t tehd\u00e4\u00e4n k\u00e4sity\u00f6n\u00e4 Muuramen verstaalla. Suosimme valmistusmateriaalina kotimaista koivua ja m\u00e4nty\u00e4 sek\u00e4 pintak\u00e4sittelyss\u00e4 ymp\u00e4rist\u00f6yst\u00e4v\u00e4llisempi\u00e4 puuvahoja. Ota yhteytt\u00e4 niin suunnittelemme yhdess\u00e4 teille sopivimman ratkaisun! -Huonekalut -Kodin k\u00e4ytt\u00f6esineet -Valaisimet -Erikoistilaukset -Huonekalujen kunnostus -Huonekalujen asennuspalvelut \u00a0\u00a0 Edellinen Seuraava<\/p>\n","protected":false},"author":1,"featured_media":0,"parent":0,"menu_order":0,"comment_status":"closed","ping_status":"closed","template":"","meta":{"ocean_post_layout":"full-screen","ocean_both_sidebars_style":"","ocean_both_sidebars_content_width":0,"ocean_both_sidebars_sidebars_width":0,"ocean_sidebar":"0","ocean_second_sidebar":"0","ocean_disable_margins":"enable","ocean_add_body_class":"","ocean_shortcode_before_top_bar":"","ocean_shortcode_after_top_bar":"","ocean_shortcode_before_header":"","ocean_shortcode_after_header":"","ocean_has_shortcode":"","ocean_shortcode_after_title":"","ocean_shortcode_before_footer_widgets":"","ocean_shortcode_after_footer_widgets":"","ocean_shortcode_before_footer_bottom":"","ocean_shortcode_after_footer_bottom":"","ocean_display_top_bar":"default","ocean_display_header":"default","ocean_header_style":"","ocean_center_header_left_menu":"0","ocean_custom_header_template":"0","ocean_custom_logo":0,"ocean_custom_retina_logo":0,"ocean_custom_logo_max_width":0,"ocean_custom_logo_tablet_max_width":0,"ocean_custom_logo_mobile_max_width":0,"ocean_custom_logo_max_height":0,"ocean_custom_logo_tablet_max_height":0,"ocean_custom_logo_mobile_max_height":0,"ocean_header_custom_menu":"0","ocean_menu_typo_font_family":"0","ocean_menu_typo_font_subset":"","ocean_menu_typo_font_size":0,"ocean_menu_typo_font_size_tablet":0,"ocean_menu_typo_font_size_mobile":0,"ocean_menu_typo_font_size_unit":"px","ocean_menu_typo_font_weight":"","ocean_menu_typo_font_weight_tablet":"","ocean_menu_typo_font_weight_mobile":"","ocean_menu_typo_transform":"","ocean_menu_typo_transform_tablet":"","ocean_menu_typo_transform_mobile":"","ocean_menu_typo_line_height":0,"ocean_menu_typo_line_height_tablet":0,"ocean_menu_typo_line_height_mobile":0,"ocean_menu_typo_line_height_unit":"","ocean_menu_typo_spacing":0,"ocean_menu_typo_spacing_tablet":0,"ocean_menu_typo_spacing_mobile":0,"ocean_menu_typo_spacing_unit":"","ocean_menu_link_color":"","ocean_menu_link_color_hover":"","ocean_menu_link_color_active":"","ocean_menu_link_background":"","ocean_menu_link_hover_background":"","ocean_menu_link_active_background":"","ocean_menu_social_links_bg":"","ocean_menu_social_hover_links_bg":"","ocean_menu_social_links_color":"","ocean_menu_social_hover_links_color":"","ocean_disable_title":"on","ocean_disable_heading":"default","ocean_post_title":"","ocean_post_subheading":"","ocean_post_title_style":"","ocean_post_title_background_color":"","ocean_post_title_background":0,"ocean_post_title_bg_image_position":"","ocean_post_title_bg_image_attachment":"","ocean_post_title_bg_image_repeat":"","ocean_post_title_bg_image_size":"","ocean_post_title_height":0,"ocean_post_title_bg_overlay":0.5,"ocean_post_title_bg_overlay_color":"","ocean_disable_breadcrumbs":"default","ocean_breadcrumbs_color":"","ocean_breadcrumbs_separator_color":"","ocean_breadcrumbs_links_color":"","ocean_breadcrumbs_links_hover_color":"","ocean_display_footer_widgets":"default","ocean_display_footer_bottom":"default","ocean_custom_footer_template":"0","footnotes":""},"class_list":["post-157","page","type-page","status-publish","hentry","entry"],"yoast_head":"<!-- This site is optimized with the Yoast SEO plugin v27.3 - https:\/\/yoast.com\/product\/yoast-seo-wordpress\/ -->\n<title>Palvelut - Puunsyy<\/title>\n<meta name=\"robots\" content=\"index, follow, max-snippet:-1, max-image-preview:large, max-video-preview:-1\" \/>\n<link rel=\"canonical\" href=\"https:\/\/kivitasku.com\/puunsyy\/yritys\/\" \/>\n<meta property=\"og:locale\" content=\"fi_FI\" \/>\n<meta property=\"og:type\" content=\"article\" \/>\n<meta property=\"og:title\" content=\"Palvelut - Puunsyy\" \/>\n<meta property=\"og:description\" content=\"Palvelut \u00a0 Valmistamme korkealuokkaiset puusep\u00e4nty\u00f6t ammattitaidolla ja asiakkaan toiveita kunnioittaen. Kaikki ty\u00f6t tehd\u00e4\u00e4n k\u00e4sity\u00f6n\u00e4 Muuramen verstaalla. Suosimme valmistusmateriaalina kotimaista koivua ja m\u00e4nty\u00e4 sek\u00e4 pintak\u00e4sittelyss\u00e4 ymp\u00e4rist\u00f6yst\u00e4v\u00e4llisempi\u00e4 puuvahoja. Ota yhteytt\u00e4 niin suunnittelemme yhdess\u00e4 teille sopivimman ratkaisun! -Huonekalut -Kodin k\u00e4ytt\u00f6esineet -Valaisimet -Erikoistilaukset -Huonekalujen kunnostus -Huonekalujen asennuspalvelut \u00a0\u00a0 Edellinen Seuraava\" \/>\n<meta property=\"og:url\" content=\"https:\/\/kivitasku.com\/puunsyy\/yritys\/\" \/>\n<meta property=\"og:site_name\" content=\"Puunsyy\" \/>\n<meta property=\"article:modified_time\" content=\"2020-03-13T15:26:38+00:00\" \/>\n<meta property=\"og:image\" content=\"http:\/\/kivitasku.com\/puunsyy\/wp-content\/uploads\/sites\/3\/2020\/01\/Ukko-lamppuesitekuva-1-213x300.jpg\" \/>\n<meta name=\"twitter:card\" content=\"summary_large_image\" \/>\n<script type=\"application\/ld+json\" class=\"yoast-schema-graph\">{\"@context\":\"https:\\\/\\\/schema.org\",\"@graph\":[{\"@type\":\"WebPage\",\"@id\":\"https:\\\/\\\/kivitasku.com\\\/puunsyy\\\/yritys\\\/\",\"url\":\"https:\\\/\\\/kivitasku.com\\\/puunsyy\\\/yritys\\\/\",\"name\":\"Palvelut - Puunsyy\",\"isPartOf\":{\"@id\":\"https:\\\/\\\/kivitasku.com\\\/puunsyy\\\/#website\"},\"primaryImageOfPage\":{\"@id\":\"https:\\\/\\\/kivitasku.com\\\/puunsyy\\\/yritys\\\/#primaryimage\"},\"image\":{\"@id\":\"https:\\\/\\\/kivitasku.com\\\/puunsyy\\\/yritys\\\/#primaryimage\"},\"thumbnailUrl\":\"http:\\\/\\\/kivitasku.com\\\/puunsyy\\\/wp-content\\\/uploads\\\/sites\\\/3\\\/2020\\\/01\\\/Ukko-lamppuesitekuva-1-213x300.jpg\",\"datePublished\":\"2020-01-28T15:54:14+00:00\",\"dateModified\":\"2020-03-13T15:26:38+00:00\",\"breadcrumb\":{\"@id\":\"https:\\\/\\\/kivitasku.com\\\/puunsyy\\\/yritys\\\/#breadcrumb\"},\"inLanguage\":\"fi\",\"potentialAction\":[{\"@type\":\"ReadAction\",\"target\":[\"https:\\\/\\\/kivitasku.com\\\/puunsyy\\\/yritys\\\/\"]}]},{\"@type\":\"ImageObject\",\"inLanguage\":\"fi\",\"@id\":\"https:\\\/\\\/kivitasku.com\\\/puunsyy\\\/yritys\\\/#primaryimage\",\"url\":\"http:\\\/\\\/kivitasku.com\\\/puunsyy\\\/wp-content\\\/uploads\\\/sites\\\/3\\\/2020\\\/01\\\/Ukko-lamppuesitekuva-1-213x300.jpg\",\"contentUrl\":\"http:\\\/\\\/kivitasku.com\\\/puunsyy\\\/wp-content\\\/uploads\\\/sites\\\/3\\\/2020\\\/01\\\/Ukko-lamppuesitekuva-1-213x300.jpg\"},{\"@type\":\"BreadcrumbList\",\"@id\":\"https:\\\/\\\/kivitasku.com\\\/puunsyy\\\/yritys\\\/#breadcrumb\",\"itemListElement\":[{\"@type\":\"ListItem\",\"position\":1,\"name\":\"Home\",\"item\":\"https:\\\/\\\/kivitasku.com\\\/puunsyy\\\/\"},{\"@type\":\"ListItem\",\"position\":2,\"name\":\"Palvelut\"}]},{\"@type\":\"WebSite\",\"@id\":\"https:\\\/\\\/kivitasku.com\\\/puunsyy\\\/#website\",\"url\":\"https:\\\/\\\/kivitasku.com\\\/puunsyy\\\/\",\"name\":\"Puunsyy\",\"description\":\"Puusep\u00e4nverstas Puunsyy\",\"potentialAction\":[{\"@type\":\"SearchAction\",\"target\":{\"@type\":\"EntryPoint\",\"urlTemplate\":\"https:\\\/\\\/kivitasku.com\\\/puunsyy\\\/?s={search_term_string}\"},\"query-input\":{\"@type\":\"PropertyValueSpecification\",\"valueRequired\":true,\"valueName\":\"search_term_string\"}}],\"inLanguage\":\"fi\"}]}<\/script>\n<!-- \/ Yoast SEO plugin. -->","yoast_head_json":{"title":"Palvelut - Puunsyy","robots":{"index":"index","follow":"follow","max-snippet":"max-snippet:-1","max-image-preview":"max-image-preview:large","max-video-preview":"max-video-preview:-1"},"canonical":"https:\/\/kivitasku.com\/puunsyy\/yritys\/","og_locale":"fi_FI","og_type":"article","og_title":"Palvelut - Puunsyy","og_description":"Palvelut \u00a0 Valmistamme korkealuokkaiset puusep\u00e4nty\u00f6t ammattitaidolla ja asiakkaan toiveita kunnioittaen. Kaikki ty\u00f6t tehd\u00e4\u00e4n k\u00e4sity\u00f6n\u00e4 Muuramen verstaalla. Suosimme valmistusmateriaalina kotimaista koivua ja m\u00e4nty\u00e4 sek\u00e4 pintak\u00e4sittelyss\u00e4 ymp\u00e4rist\u00f6yst\u00e4v\u00e4llisempi\u00e4 puuvahoja. Ota yhteytt\u00e4 niin suunnittelemme yhdess\u00e4 teille sopivimman ratkaisun! -Huonekalut -Kodin k\u00e4ytt\u00f6esineet -Valaisimet -Erikoistilaukset -Huonekalujen kunnostus -Huonekalujen asennuspalvelut \u00a0\u00a0 Edellinen Seuraava","og_url":"https:\/\/kivitasku.com\/puunsyy\/yritys\/","og_site_name":"Puunsyy","article_modified_time":"2020-03-13T15:26:38+00:00","og_image":[{"url":"http:\/\/kivitasku.com\/puunsyy\/wp-content\/uploads\/sites\/3\/2020\/01\/Ukko-lamppuesitekuva-1-213x300.jpg","type":"","width":"","height":""}],"twitter_card":"summary_large_image","schema":{"@context":"https:\/\/schema.org","@graph":[{"@type":"WebPage","@id":"https:\/\/kivitasku.com\/puunsyy\/yritys\/","url":"https:\/\/kivitasku.com\/puunsyy\/yritys\/","name":"Palvelut - Puunsyy","isPartOf":{"@id":"https:\/\/kivitasku.com\/puunsyy\/#website"},"primaryImageOfPage":{"@id":"https:\/\/kivitasku.com\/puunsyy\/yritys\/#primaryimage"},"image":{"@id":"https:\/\/kivitasku.com\/puunsyy\/yritys\/#primaryimage"},"thumbnailUrl":"http:\/\/kivitasku.com\/puunsyy\/wp-content\/uploads\/sites\/3\/2020\/01\/Ukko-lamppuesitekuva-1-213x300.jpg","datePublished":"2020-01-28T15:54:14+00:00","dateModified":"2020-03-13T15:26:38+00:00","breadcrumb":{"@id":"https:\/\/kivitasku.com\/puunsyy\/yritys\/#breadcrumb"},"inLanguage":"fi","potentialAction":[{"@type":"ReadAction","target":["https:\/\/kivitasku.com\/puunsyy\/yritys\/"]}]},{"@type":"ImageObject","inLanguage":"fi","@id":"https:\/\/kivitasku.com\/puunsyy\/yritys\/#primaryimage","url":"http:\/\/kivitasku.com\/puunsyy\/wp-content\/uploads\/sites\/3\/2020\/01\/Ukko-lamppuesitekuva-1-213x300.jpg","contentUrl":"http:\/\/kivitasku.com\/puunsyy\/wp-content\/uploads\/sites\/3\/2020\/01\/Ukko-lamppuesitekuva-1-213x300.jpg"},{"@type":"BreadcrumbList","@id":"https:\/\/kivitasku.com\/puunsyy\/yritys\/#breadcrumb","itemListElement":[{"@type":"ListItem","position":1,"name":"Home","item":"https:\/\/kivitasku.com\/puunsyy\/"},{"@type":"ListItem","position":2,"name":"Palvelut"}]},{"@type":"WebSite","@id":"https:\/\/kivitasku.com\/puunsyy\/#website","url":"https:\/\/kivitasku.com\/puunsyy\/","name":"Puunsyy","description":"Puusep\u00e4nverstas Puunsyy","potentialAction":[{"@type":"SearchAction","target":{"@type":"EntryPoint","urlTemplate":"https:\/\/kivitasku.com\/puunsyy\/?s={search_term_string}"},"query-input":{"@type":"PropertyValueSpecification","valueRequired":true,"valueName":"search_term_string"}}],"inLanguage":"fi"}]}},"_links":{"self":[{"href":"https:\/\/kivitasku.com\/puunsyy\/wp-json\/wp\/v2\/pages\/157","targetHints":{"allow":["GET"]}}],"collection":[{"href":"https:\/\/kivitasku.com\/puunsyy\/wp-json\/wp\/v2\/pages"}],"about":[{"href":"https:\/\/kivitasku.com\/puunsyy\/wp-json\/wp\/v2\/types\/page"}],"author":[{"embeddable":true,"href":"https:\/\/kivitasku.com\/puunsyy\/wp-json\/wp\/v2\/users\/1"}],"replies":[{"embeddable":true,"href":"https:\/\/kivitasku.com\/puunsyy\/wp-json\/wp\/v2\/comments?post=157"}],"version-history":[{"count":49,"href":"https:\/\/kivitasku.com\/puunsyy\/wp-json\/wp\/v2\/pages\/157\/revisions"}],"predecessor-version":[{"id":390,"href":"https:\/\/kivitasku.com\/puunsyy\/wp-json\/wp\/v2\/pages\/157\/revisions\/390"}],"wp:attachment":[{"href":"https:\/\/kivitasku.com\/puunsyy\/wp-json\/wp\/v2\/media?parent=157"}],"curies":[{"name":"wp","href":"https:\/\/api.w.org\/{rel}","templated":true}]}}