{"id":56,"date":"2020-01-28T13:42:57","date_gmt":"2020-01-28T11:42:57","guid":{"rendered":"http:\/\/kivitasku.com\/puunsyy\/?page_id=56"},"modified":"2022-06-09T09:00:59","modified_gmt":"2022-06-09T06:00:59","slug":"yhteystiedot","status":"publish","type":"page","link":"https:\/\/kivitasku.com\/puunsyy\/yhteystiedot\/","title":{"rendered":"Yhteystiedot"},"content":{"rendered":"\t\t<div data-elementor-type=\"wp-page\" data-elementor-id=\"56\" class=\"elementor elementor-56\">\n\t\t\t\t\t\t<section class=\"elementor-section elementor-top-section elementor-element elementor-element-39d40a7f elementor-section-items-top elementor-section-height-min-height elementor-section-boxed elementor-section-height-default\" data-id=\"39d40a7f\" data-element_type=\"section\" data-e-type=\"section\" data-settings=\"{&quot;background_background&quot;:&quot;classic&quot;}\">\n\t\t\t\t\t\t<div class=\"elementor-container elementor-column-gap-default\">\n\t\t\t\t\t<div class=\"elementor-column elementor-col-100 elementor-top-column elementor-element elementor-element-796fb5c\" data-id=\"796fb5c\" data-element_type=\"column\" data-e-type=\"column\">\n\t\t\t<div class=\"elementor-widget-wrap elementor-element-populated\">\n\t\t\t\t\t\t<div class=\"elementor-element elementor-element-26d6838 elementor-widget elementor-widget-spacer\" data-id=\"26d6838\" data-element_type=\"widget\" data-e-type=\"widget\" data-widget_type=\"spacer.default\">\n\t\t\t\t<div class=\"elementor-widget-container\">\n\t\t\t\t\t\t\t<div class=\"elementor-spacer\">\n\t\t\t<div class=\"elementor-spacer-inner\"><\/div>\n\t\t<\/div>\n\t\t\t\t\t\t<\/div>\n\t\t\t\t<\/div>\n\t\t\t\t<div class=\"elementor-element elementor-element-36cc238 elementor-invisible elementor-widget elementor-widget-heading\" data-id=\"36cc238\" data-element_type=\"widget\" data-e-type=\"widget\" data-settings=\"{&quot;_animation&quot;:&quot;slideInLeft&quot;}\" data-widget_type=\"heading.default\">\n\t\t\t\t<div class=\"elementor-widget-container\">\n\t\t\t\t\t<h2 class=\"elementor-heading-title elementor-size-default\">Yhteystiedot<\/h2>\t\t\t\t<\/div>\n\t\t\t\t<\/div>\n\t\t\t\t<div class=\"elementor-element elementor-element-f093d94 elementor-widget elementor-widget-text-editor\" data-id=\"f093d94\" data-element_type=\"widget\" data-e-type=\"widget\" data-widget_type=\"text-editor.default\">\n\t\t\t\t<div class=\"elementor-widget-container\">\n\t\t\t\t\t\t\t\t\t<p>Ota yhteytt\u00e4 s\u00e4hk\u00f6postitse, puhelimitse tai tule k\u00e4ym\u00e4\u00e4n verstaalla.<\/p><p>puunsyy@gmail.com<\/p><p>045 1276064 \/ Sampo Nousiainen, puusepp\u00e4<\/p><p>Yritys<\/p><p>\u00a0Kivitasku Muurame Ky (Puunsyy) y-tunnus 2930582-8<\/p><p>Kivitaskuntie 48, 40950 Muurame<\/p><p>\u00a0<\/p>\t\t\t\t\t\t\t\t<\/div>\n\t\t\t\t<\/div>\n\t\t\t\t<div class=\"elementor-element elementor-element-ce7c7b1 elementor-widget elementor-widget-google_maps\" data-id=\"ce7c7b1\" data-element_type=\"widget\" data-e-type=\"widget\" data-widget_type=\"google_maps.default\">\n\t\t\t\t<div class=\"elementor-widget-container\">\n\t\t\t\t\t\t\t<div class=\"elementor-custom-embed\">\n\t\t\t<iframe\n\t\t\t\t\tdata-src=\"https:\/\/maps.google.com\/maps?q=kivitaskunti%2048%20muurame&#038;t=m&#038;z=10&#038;output=embed&#038;iwloc=near\"\n\t\t\t\t\ttitle=\"kivitaskunti 48 muurame\"\n\t\t\t\t\taria-label=\"kivitaskunti 48 muurame\"\n\t\t\t src=\"data:image\/svg+xml;base64,PHN2ZyB3aWR0aD0iMSIgaGVpZ2h0PSIxIiB4bWxucz0iaHR0cDovL3d3dy53My5vcmcvMjAwMC9zdmciPjwvc3ZnPg==\" class=\"lazyload\" data-load-mode=\"1\"><\/iframe>\n\t\t<\/div>\n\t\t\t\t\t\t<\/div>\n\t\t\t\t<\/div>\n\t\t\t\t\t<\/div>\n\t\t<\/div>\n\t\t\t\t\t<\/div>\n\t\t<\/section>\n\t\t\t\t<section class=\"elementor-section elementor-top-section elementor-element elementor-element-53e01fae elementor-section-content-middle elementor-section-boxed elementor-section-height-default elementor-section-height-default\" data-id=\"53e01fae\" data-element_type=\"section\" data-e-type=\"section\" data-settings=\"{&quot;background_background&quot;:&quot;classic&quot;}\">\n\t\t\t\t\t\t<div class=\"elementor-container elementor-column-gap-default\">\n\t\t\t\t\t<div class=\"elementor-column elementor-col-33 elementor-top-column elementor-element elementor-element-d030f5c\" data-id=\"d030f5c\" data-element_type=\"column\" data-e-type=\"column\">\n\t\t\t<div class=\"elementor-widget-wrap elementor-element-populated\">\n\t\t\t\t\t\t<div class=\"elementor-element elementor-element-50739c91 elementor-widget elementor-widget-image\" data-id=\"50739c91\" data-element_type=\"widget\" data-e-type=\"widget\" data-widget_type=\"image.default\">\n\t\t\t\t<div class=\"elementor-widget-container\">\n\t\t\t\t\t\t\t\t\t\t\t\t\t\t\t<img decoding=\"async\" width=\"150\" height=\"150\" data-src=\"https:\/\/kivitasku.com\/puunsyy\/wp-content\/uploads\/sites\/3\/2020\/01\/logo2x-150x150.png\" class=\"attachment-thumbnail size-thumbnail wp-image-111 lazyload\" alt=\"\" data-srcset=\"https:\/\/kivitasku.com\/puunsyy\/wp-content\/uploads\/sites\/3\/2020\/01\/logo2x-150x150.png 150w, https:\/\/kivitasku.com\/puunsyy\/wp-content\/uploads\/sites\/3\/2020\/01\/logo2x.png 160w\" data-sizes=\"(max-width: 150px) 100vw, 150px\" src=\"data:image\/svg+xml;base64,PHN2ZyB3aWR0aD0iMSIgaGVpZ2h0PSIxIiB4bWxucz0iaHR0cDovL3d3dy53My5vcmcvMjAwMC9zdmciPjwvc3ZnPg==\" style=\"--smush-placeholder-width: 150px; --smush-placeholder-aspect-ratio: 150\/150;\" \/>\t\t\t\t\t\t\t\t\t\t\t\t\t\t\t<\/div>\n\t\t\t\t<\/div>\n\t\t\t\t\t<\/div>\n\t\t<\/div>\n\t\t\t\t<div class=\"elementor-column elementor-col-33 elementor-top-column elementor-element elementor-element-1de575e5\" data-id=\"1de575e5\" data-element_type=\"column\" data-e-type=\"column\">\n\t\t\t<div class=\"elementor-widget-wrap\">\n\t\t\t\t\t\t\t<\/div>\n\t\t<\/div>\n\t\t\t\t<div class=\"elementor-column elementor-col-33 elementor-top-column elementor-element elementor-element-403059ac\" data-id=\"403059ac\" data-element_type=\"column\" data-e-type=\"column\">\n\t\t\t<div class=\"elementor-widget-wrap\">\n\t\t\t\t\t\t\t<\/div>\n\t\t<\/div>\n\t\t\t\t\t<\/div>\n\t\t<\/section>\n\t\t\t\t<section class=\"elementor-section elementor-top-section elementor-element elementor-element-0788676 elementor-section-boxed elementor-section-height-default elementor-section-height-default\" data-id=\"0788676\" data-element_type=\"section\" data-e-type=\"section\">\n\t\t\t\t\t\t<div class=\"elementor-container elementor-column-gap-default\">\n\t\t\t\t\t<div class=\"elementor-column elementor-col-100 elementor-top-column elementor-element elementor-element-3ad870f\" data-id=\"3ad870f\" data-element_type=\"column\" data-e-type=\"column\">\n\t\t\t<div class=\"elementor-widget-wrap\">\n\t\t\t\t\t\t\t<\/div>\n\t\t<\/div>\n\t\t\t\t\t<\/div>\n\t\t<\/section>\n\t\t\t\t<section class=\"elementor-section elementor-top-section elementor-element elementor-element-81eb3f2 elementor-section-boxed elementor-section-height-default elementor-section-height-default\" data-id=\"81eb3f2\" data-element_type=\"section\" data-e-type=\"section\">\n\t\t\t\t\t\t<div class=\"elementor-container elementor-column-gap-default\">\n\t\t\t\t\t<div class=\"elementor-column elementor-col-100 elementor-top-column elementor-element elementor-element-73f0978\" data-id=\"73f0978\" data-element_type=\"column\" data-e-type=\"column\">\n\t\t\t<div class=\"elementor-widget-wrap\">\n\t\t\t\t\t\t\t<\/div>\n\t\t<\/div>\n\t\t\t\t\t<\/div>\n\t\t<\/section>\n\t\t\t\t<section class=\"elementor-section elementor-top-section elementor-element elementor-element-98d821a elementor-section-boxed elementor-section-height-default elementor-section-height-default\" data-id=\"98d821a\" data-element_type=\"section\" data-e-type=\"section\">\n\t\t\t\t\t\t<div class=\"elementor-container elementor-column-gap-default\">\n\t\t\t\t\t<div class=\"elementor-column elementor-col-100 elementor-top-column elementor-element elementor-element-bd300e6\" data-id=\"bd300e6\" data-element_type=\"column\" data-e-type=\"column\">\n\t\t\t<div class=\"elementor-widget-wrap\">\n\t\t\t\t\t\t\t<\/div>\n\t\t<\/div>\n\t\t\t\t\t<\/div>\n\t\t<\/section>\n\t\t\t\t<section class=\"elementor-section elementor-top-section elementor-element elementor-element-e3ecc8f elementor-section-boxed elementor-section-height-default elementor-section-height-default\" data-id=\"e3ecc8f\" data-element_type=\"section\" data-e-type=\"section\">\n\t\t\t\t\t\t<div class=\"elementor-container elementor-column-gap-default\">\n\t\t\t\t\t<div class=\"elementor-column elementor-col-100 elementor-top-column elementor-element elementor-element-990172f\" data-id=\"990172f\" data-element_type=\"column\" data-e-type=\"column\">\n\t\t\t<div class=\"elementor-widget-wrap\">\n\t\t\t\t\t\t\t<\/div>\n\t\t<\/div>\n\t\t\t\t\t<\/div>\n\t\t<\/section>\n\t\t\t\t<section class=\"elementor-section elementor-top-section elementor-element elementor-element-2809b3c elementor-section-boxed elementor-section-height-default elementor-section-height-default\" data-id=\"2809b3c\" data-element_type=\"section\" data-e-type=\"section\">\n\t\t\t\t\t\t<div class=\"elementor-container elementor-column-gap-default\">\n\t\t\t\t\t<div class=\"elementor-column elementor-col-100 elementor-top-column elementor-element elementor-element-6dc8f67\" data-id=\"6dc8f67\" data-element_type=\"column\" data-e-type=\"column\">\n\t\t\t<div class=\"elementor-widget-wrap\">\n\t\t\t\t\t\t\t<\/div>\n\t\t<\/div>\n\t\t\t\t\t<\/div>\n\t\t<\/section>\n\t\t\t\t<\/div>\n\t\t","protected":false},"excerpt":{"rendered":"<p>Yhteystiedot Ota yhteytt\u00e4 s\u00e4hk\u00f6postitse, puhelimitse tai tule k\u00e4ym\u00e4\u00e4n verstaalla. puunsyy@gmail.com 045 1276064 \/ Sampo Nousiainen, puusepp\u00e4 Yritys \u00a0Kivitasku Muurame Ky (Puunsyy) y-tunnus 2930582-8 Kivitaskuntie 48, 40950 Muurame \u00a0<\/p>\n","protected":false},"author":1,"featured_media":0,"parent":0,"menu_order":0,"comment_status":"closed","ping_status":"closed","template":"","meta":{"ocean_post_layout":"full-screen","ocean_both_sidebars_style":"","ocean_both_sidebars_content_width":0,"ocean_both_sidebars_sidebars_width":0,"ocean_sidebar":"0","ocean_second_sidebar":"0","ocean_disable_margins":"enable","ocean_add_body_class":"","ocean_shortcode_before_top_bar":"","ocean_shortcode_after_top_bar":"","ocean_shortcode_before_header":"","ocean_shortcode_after_header":"","ocean_has_shortcode":"","ocean_shortcode_after_title":"","ocean_shortcode_before_footer_widgets":"","ocean_shortcode_after_footer_widgets":"","ocean_shortcode_before_footer_bottom":"","ocean_shortcode_after_footer_bottom":"","ocean_display_top_bar":"default","ocean_display_header":"default","ocean_header_style":"","ocean_center_header_left_menu":"0","ocean_custom_header_template":"0","ocean_custom_logo":0,"ocean_custom_retina_logo":0,"ocean_custom_logo_max_width":0,"ocean_custom_logo_tablet_max_width":0,"ocean_custom_logo_mobile_max_width":0,"ocean_custom_logo_max_height":0,"ocean_custom_logo_tablet_max_height":0,"ocean_custom_logo_mobile_max_height":0,"ocean_header_custom_menu":"0","ocean_menu_typo_font_family":"0","ocean_menu_typo_font_subset":"","ocean_menu_typo_font_size":0,"ocean_menu_typo_font_size_tablet":0,"ocean_menu_typo_font_size_mobile":0,"ocean_menu_typo_font_size_unit":"px","ocean_menu_typo_font_weight":"","ocean_menu_typo_font_weight_tablet":"","ocean_menu_typo_font_weight_mobile":"","ocean_menu_typo_transform":"","ocean_menu_typo_transform_tablet":"","ocean_menu_typo_transform_mobile":"","ocean_menu_typo_line_height":0,"ocean_menu_typo_line_height_tablet":0,"ocean_menu_typo_line_height_mobile":0,"ocean_menu_typo_line_height_unit":"","ocean_menu_typo_spacing":0,"ocean_menu_typo_spacing_tablet":0,"ocean_menu_typo_spacing_mobile":0,"ocean_menu_typo_spacing_unit":"","ocean_menu_link_color":"","ocean_menu_link_color_hover":"","ocean_menu_link_color_active":"","ocean_menu_link_background":"","ocean_menu_link_hover_background":"","ocean_menu_link_active_background":"","ocean_menu_social_links_bg":"","ocean_menu_social_hover_links_bg":"","ocean_menu_social_links_color":"","ocean_menu_social_hover_links_color":"","ocean_disable_title":"on","ocean_disable_heading":"default","ocean_post_title":"","ocean_post_subheading":"","ocean_post_title_style":"","ocean_post_title_background_color":"","ocean_post_title_background":0,"ocean_post_title_bg_image_position":"","ocean_post_title_bg_image_attachment":"","ocean_post_title_bg_image_repeat":"","ocean_post_title_bg_image_size":"","ocean_post_title_height":0,"ocean_post_title_bg_overlay":0.5,"ocean_post_title_bg_overlay_color":"","ocean_disable_breadcrumbs":"default","ocean_breadcrumbs_color":"","ocean_breadcrumbs_separator_color":"","ocean_breadcrumbs_links_color":"","ocean_breadcrumbs_links_hover_color":"","ocean_display_footer_widgets":"default","ocean_display_footer_bottom":"default","ocean_custom_footer_template":"0","footnotes":""},"class_list":["post-56","page","type-page","status-publish","hentry","entry"],"yoast_head":"<!-- This site is optimized with the Yoast SEO plugin v27.4 - https:\/\/yoast.com\/product\/yoast-seo-wordpress\/ -->\n<title>Yhteystiedot - Puunsyy<\/title>\n<meta name=\"robots\" content=\"index, follow, max-snippet:-1, max-image-preview:large, max-video-preview:-1\" \/>\n<link rel=\"canonical\" href=\"https:\/\/kivitasku.com\/puunsyy\/yhteystiedot\/\" \/>\n<meta property=\"og:locale\" content=\"fi_FI\" \/>\n<meta property=\"og:type\" content=\"article\" \/>\n<meta property=\"og:title\" content=\"Yhteystiedot - Puunsyy\" \/>\n<meta property=\"og:description\" content=\"Yhteystiedot Ota yhteytt\u00e4 s\u00e4hk\u00f6postitse, puhelimitse tai tule k\u00e4ym\u00e4\u00e4n verstaalla. puunsyy@gmail.com 045 1276064 \/ Sampo Nousiainen, puusepp\u00e4 Yritys \u00a0Kivitasku Muurame Ky (Puunsyy) y-tunnus 2930582-8 Kivitaskuntie 48, 40950 Muurame \u00a0\" \/>\n<meta property=\"og:url\" content=\"https:\/\/kivitasku.com\/puunsyy\/yhteystiedot\/\" \/>\n<meta property=\"og:site_name\" content=\"Puunsyy\" \/>\n<meta property=\"article:modified_time\" content=\"2022-06-09T06:00:59+00:00\" \/>\n<meta property=\"og:image\" content=\"https:\/\/kivitasku.com\/puunsyy\/wp-content\/uploads\/sites\/3\/2020\/01\/logo2x-150x150.png\" \/>\n<meta name=\"twitter:card\" content=\"summary_large_image\" \/>\n<meta name=\"twitter:label1\" content=\"Arvioitu lukuaika\" \/>\n\t<meta name=\"twitter:data1\" content=\"1 minuutti\" \/>\n<script type=\"application\/ld+json\" class=\"yoast-schema-graph\">{\"@context\":\"https:\\\/\\\/schema.org\",\"@graph\":[{\"@type\":\"WebPage\",\"@id\":\"https:\\\/\\\/kivitasku.com\\\/puunsyy\\\/yhteystiedot\\\/\",\"url\":\"https:\\\/\\\/kivitasku.com\\\/puunsyy\\\/yhteystiedot\\\/\",\"name\":\"Yhteystiedot - Puunsyy\",\"isPartOf\":{\"@id\":\"https:\\\/\\\/kivitasku.com\\\/puunsyy\\\/#website\"},\"primaryImageOfPage\":{\"@id\":\"https:\\\/\\\/kivitasku.com\\\/puunsyy\\\/yhteystiedot\\\/#primaryimage\"},\"image\":{\"@id\":\"https:\\\/\\\/kivitasku.com\\\/puunsyy\\\/yhteystiedot\\\/#primaryimage\"},\"thumbnailUrl\":\"https:\\\/\\\/kivitasku.com\\\/puunsyy\\\/wp-content\\\/uploads\\\/sites\\\/3\\\/2020\\\/01\\\/logo2x-150x150.png\",\"datePublished\":\"2020-01-28T11:42:57+00:00\",\"dateModified\":\"2022-06-09T06:00:59+00:00\",\"breadcrumb\":{\"@id\":\"https:\\\/\\\/kivitasku.com\\\/puunsyy\\\/yhteystiedot\\\/#breadcrumb\"},\"inLanguage\":\"fi\",\"potentialAction\":[{\"@type\":\"ReadAction\",\"target\":[\"https:\\\/\\\/kivitasku.com\\\/puunsyy\\\/yhteystiedot\\\/\"]}]},{\"@type\":\"ImageObject\",\"inLanguage\":\"fi\",\"@id\":\"https:\\\/\\\/kivitasku.com\\\/puunsyy\\\/yhteystiedot\\\/#primaryimage\",\"url\":\"https:\\\/\\\/kivitasku.com\\\/puunsyy\\\/wp-content\\\/uploads\\\/sites\\\/3\\\/2020\\\/01\\\/logo2x.png\",\"contentUrl\":\"https:\\\/\\\/kivitasku.com\\\/puunsyy\\\/wp-content\\\/uploads\\\/sites\\\/3\\\/2020\\\/01\\\/logo2x.png\",\"width\":160,\"height\":160},{\"@type\":\"BreadcrumbList\",\"@id\":\"https:\\\/\\\/kivitasku.com\\\/puunsyy\\\/yhteystiedot\\\/#breadcrumb\",\"itemListElement\":[{\"@type\":\"ListItem\",\"position\":1,\"name\":\"Home\",\"item\":\"https:\\\/\\\/kivitasku.com\\\/puunsyy\\\/\"},{\"@type\":\"ListItem\",\"position\":2,\"name\":\"Yhteystiedot\"}]},{\"@type\":\"WebSite\",\"@id\":\"https:\\\/\\\/kivitasku.com\\\/puunsyy\\\/#website\",\"url\":\"https:\\\/\\\/kivitasku.com\\\/puunsyy\\\/\",\"name\":\"Puunsyy\",\"description\":\"Puusep\u00e4nverstas Puunsyy\",\"potentialAction\":[{\"@type\":\"SearchAction\",\"target\":{\"@type\":\"EntryPoint\",\"urlTemplate\":\"https:\\\/\\\/kivitasku.com\\\/puunsyy\\\/?s={search_term_string}\"},\"query-input\":{\"@type\":\"PropertyValueSpecification\",\"valueRequired\":true,\"valueName\":\"search_term_string\"}}],\"inLanguage\":\"fi\"}]}<\/script>\n<!-- \/ Yoast SEO plugin. -->","yoast_head_json":{"title":"Yhteystiedot - Puunsyy","robots":{"index":"index","follow":"follow","max-snippet":"max-snippet:-1","max-image-preview":"max-image-preview:large","max-video-preview":"max-video-preview:-1"},"canonical":"https:\/\/kivitasku.com\/puunsyy\/yhteystiedot\/","og_locale":"fi_FI","og_type":"article","og_title":"Yhteystiedot - Puunsyy","og_description":"Yhteystiedot Ota yhteytt\u00e4 s\u00e4hk\u00f6postitse, puhelimitse tai tule k\u00e4ym\u00e4\u00e4n verstaalla. puunsyy@gmail.com 045 1276064 \/ Sampo Nousiainen, puusepp\u00e4 Yritys \u00a0Kivitasku Muurame Ky (Puunsyy) y-tunnus 2930582-8 Kivitaskuntie 48, 40950 Muurame \u00a0","og_url":"https:\/\/kivitasku.com\/puunsyy\/yhteystiedot\/","og_site_name":"Puunsyy","article_modified_time":"2022-06-09T06:00:59+00:00","og_image":[{"url":"https:\/\/kivitasku.com\/puunsyy\/wp-content\/uploads\/sites\/3\/2020\/01\/logo2x-150x150.png","type":"","width":"","height":""}],"twitter_card":"summary_large_image","twitter_misc":{"Arvioitu lukuaika":"1 minuutti"},"schema":{"@context":"https:\/\/schema.org","@graph":[{"@type":"WebPage","@id":"https:\/\/kivitasku.com\/puunsyy\/yhteystiedot\/","url":"https:\/\/kivitasku.com\/puunsyy\/yhteystiedot\/","name":"Yhteystiedot - Puunsyy","isPartOf":{"@id":"https:\/\/kivitasku.com\/puunsyy\/#website"},"primaryImageOfPage":{"@id":"https:\/\/kivitasku.com\/puunsyy\/yhteystiedot\/#primaryimage"},"image":{"@id":"https:\/\/kivitasku.com\/puunsyy\/yhteystiedot\/#primaryimage"},"thumbnailUrl":"https:\/\/kivitasku.com\/puunsyy\/wp-content\/uploads\/sites\/3\/2020\/01\/logo2x-150x150.png","datePublished":"2020-01-28T11:42:57+00:00","dateModified":"2022-06-09T06:00:59+00:00","breadcrumb":{"@id":"https:\/\/kivitasku.com\/puunsyy\/yhteystiedot\/#breadcrumb"},"inLanguage":"fi","potentialAction":[{"@type":"ReadAction","target":["https:\/\/kivitasku.com\/puunsyy\/yhteystiedot\/"]}]},{"@type":"ImageObject","inLanguage":"fi","@id":"https:\/\/kivitasku.com\/puunsyy\/yhteystiedot\/#primaryimage","url":"https:\/\/kivitasku.com\/puunsyy\/wp-content\/uploads\/sites\/3\/2020\/01\/logo2x.png","contentUrl":"https:\/\/kivitasku.com\/puunsyy\/wp-content\/uploads\/sites\/3\/2020\/01\/logo2x.png","width":160,"height":160},{"@type":"BreadcrumbList","@id":"https:\/\/kivitasku.com\/puunsyy\/yhteystiedot\/#breadcrumb","itemListElement":[{"@type":"ListItem","position":1,"name":"Home","item":"https:\/\/kivitasku.com\/puunsyy\/"},{"@type":"ListItem","position":2,"name":"Yhteystiedot"}]},{"@type":"WebSite","@id":"https:\/\/kivitasku.com\/puunsyy\/#website","url":"https:\/\/kivitasku.com\/puunsyy\/","name":"Puunsyy","description":"Puusep\u00e4nverstas Puunsyy","potentialAction":[{"@type":"SearchAction","target":{"@type":"EntryPoint","urlTemplate":"https:\/\/kivitasku.com\/puunsyy\/?s={search_term_string}"},"query-input":{"@type":"PropertyValueSpecification","valueRequired":true,"valueName":"search_term_string"}}],"inLanguage":"fi"}]}},"_links":{"self":[{"href":"https:\/\/kivitasku.com\/puunsyy\/wp-json\/wp\/v2\/pages\/56","targetHints":{"allow":["GET"]}}],"collection":[{"href":"https:\/\/kivitasku.com\/puunsyy\/wp-json\/wp\/v2\/pages"}],"about":[{"href":"https:\/\/kivitasku.com\/puunsyy\/wp-json\/wp\/v2\/types\/page"}],"author":[{"embeddable":true,"href":"https:\/\/kivitasku.com\/puunsyy\/wp-json\/wp\/v2\/users\/1"}],"replies":[{"embeddable":true,"href":"https:\/\/kivitasku.com\/puunsyy\/wp-json\/wp\/v2\/comments?post=56"}],"version-history":[{"count":41,"href":"https:\/\/kivitasku.com\/puunsyy\/wp-json\/wp\/v2\/pages\/56\/revisions"}],"predecessor-version":[{"id":404,"href":"https:\/\/kivitasku.com\/puunsyy\/wp-json\/wp\/v2\/pages\/56\/revisions\/404"}],"wp:attachment":[{"href":"https:\/\/kivitasku.com\/puunsyy\/wp-json\/wp\/v2\/media?parent=56"}],"curies":[{"name":"wp","href":"https:\/\/api.w.org\/{rel}","templated":true}]}}