{"id":70,"date":"2020-01-28T13:49:29","date_gmt":"2020-01-28T11:49:29","guid":{"rendered":"http:\/\/kivitasku.com\/puunsyy\/?page_id=70"},"modified":"2025-01-15T11:46:07","modified_gmt":"2025-01-15T09:46:07","slug":"etusivu","status":"publish","type":"page","link":"https:\/\/kivitasku.com\/puunsyy\/","title":{"rendered":"Etusivu"},"content":{"rendered":"\t\t<div data-elementor-type=\"wp-page\" data-elementor-id=\"70\" class=\"elementor elementor-70\">\n\t\t\t\t\t\t<section class=\"elementor-section elementor-top-section elementor-element elementor-element-6456417f elementor-section-items-top elementor-section-height-min-height elementor-section-boxed elementor-section-height-default\" data-id=\"6456417f\" data-element_type=\"section\" data-e-type=\"section\" data-settings=\"{&quot;background_background&quot;:&quot;classic&quot;}\">\n\t\t\t\t\t\t<div class=\"elementor-container elementor-column-gap-default\">\n\t\t\t\t\t<div class=\"elementor-column elementor-col-100 elementor-top-column elementor-element elementor-element-18f34599\" data-id=\"18f34599\" data-element_type=\"column\" data-e-type=\"column\">\n\t\t\t<div class=\"elementor-widget-wrap elementor-element-populated\">\n\t\t\t\t\t\t<div class=\"elementor-element elementor-element-6cd7bc81 elementor-invisible elementor-widget elementor-widget-heading\" data-id=\"6cd7bc81\" data-element_type=\"widget\" data-e-type=\"widget\" data-settings=\"{&quot;_animation&quot;:&quot;rotateIn&quot;}\" data-widget_type=\"heading.default\">\n\t\t\t\t<div class=\"elementor-widget-container\">\n\t\t\t\t\t<h1 class=\"elementor-heading-title elementor-size-large\">Puunsyy<\/h1>\t\t\t\t<\/div>\n\t\t\t\t<\/div>\n\t\t\t\t<div class=\"elementor-element elementor-element-e3aa71c elementor-invisible elementor-widget elementor-widget-image\" data-id=\"e3aa71c\" data-element_type=\"widget\" data-e-type=\"widget\" data-settings=\"{&quot;_animation&quot;:&quot;zoomIn&quot;}\" data-widget_type=\"image.default\">\n\t\t\t\t<div class=\"elementor-widget-container\">\n\t\t\t\t\t\t\t\t\t\t\t\t\t\t\t<img fetchpriority=\"high\" decoding=\"async\" width=\"300\" height=\"178\" src=\"https:\/\/kivitasku.com\/puunsyy\/wp-content\/uploads\/sites\/3\/2020\/02\/verstas-300x178.png\" class=\"attachment-medium size-medium wp-image-309\" alt=\"\" srcset=\"https:\/\/kivitasku.com\/puunsyy\/wp-content\/uploads\/sites\/3\/2020\/02\/verstas-300x178.png 300w, https:\/\/kivitasku.com\/puunsyy\/wp-content\/uploads\/sites\/3\/2020\/02\/verstas.png 650w\" sizes=\"(max-width: 300px) 100vw, 300px\" \/>\t\t\t\t\t\t\t\t\t\t\t\t\t\t\t<\/div>\n\t\t\t\t<\/div>\n\t\t\t\t<div class=\"elementor-element elementor-element-682ae714 elementor-invisible elementor-widget elementor-widget-heading\" data-id=\"682ae714\" data-element_type=\"widget\" data-e-type=\"widget\" data-settings=\"{&quot;_animation&quot;:&quot;rotateIn&quot;}\" data-widget_type=\"heading.default\">\n\t\t\t\t<div class=\"elementor-widget-container\">\n\t\t\t\t\t<h2 class=\"elementor-heading-title elementor-size-large\">puusep\u00e4nverstas<\/h2>\t\t\t\t<\/div>\n\t\t\t\t<\/div>\n\t\t\t\t<div class=\"elementor-element elementor-element-d8311c0 elementor-widget elementor-widget-heading\" data-id=\"d8311c0\" data-element_type=\"widget\" data-e-type=\"widget\" data-widget_type=\"heading.default\">\n\t\t\t\t<div class=\"elementor-widget-container\">\n\t\t\t\t\t<h2 class=\"elementor-heading-title elementor-size-default\">Puunsyy on erikoispuunsep\u00e4nt\u00f6ihin erikoistunut puusep\u00e4nverstas Muuramessa Keski-Suomessa<br><\/h2>\t\t\t\t<\/div>\n\t\t\t\t<\/div>\n\t\t\t\t\t<\/div>\n\t\t<\/div>\n\t\t\t\t\t<\/div>\n\t\t<\/section>\n\t\t\t\t<section class=\"elementor-section elementor-top-section elementor-element elementor-element-8dc05a5 elementor-section-boxed elementor-section-height-default elementor-section-height-default\" data-id=\"8dc05a5\" data-element_type=\"section\" data-e-type=\"section\">\n\t\t\t\t\t\t<div class=\"elementor-container elementor-column-gap-default\">\n\t\t\t\t\t<div class=\"elementor-column elementor-col-100 elementor-top-column elementor-element elementor-element-894c9eb\" data-id=\"894c9eb\" data-element_type=\"column\" data-e-type=\"column\">\n\t\t\t<div class=\"elementor-widget-wrap\">\n\t\t\t\t\t\t\t<\/div>\n\t\t<\/div>\n\t\t\t\t\t<\/div>\n\t\t<\/section>\n\t\t\t\t<section class=\"elementor-section elementor-top-section elementor-element elementor-element-1b257b7 elementor-section-boxed elementor-section-height-default elementor-section-height-default\" data-id=\"1b257b7\" data-element_type=\"section\" data-e-type=\"section\">\n\t\t\t\t\t\t<div class=\"elementor-container elementor-column-gap-default\">\n\t\t\t\t\t<div class=\"elementor-column elementor-col-100 elementor-top-column elementor-element elementor-element-a1dd244\" data-id=\"a1dd244\" data-element_type=\"column\" data-e-type=\"column\">\n\t\t\t<div class=\"elementor-widget-wrap\">\n\t\t\t\t\t\t\t<\/div>\n\t\t<\/div>\n\t\t\t\t\t<\/div>\n\t\t<\/section>\n\t\t\t\t<section class=\"elementor-section elementor-top-section elementor-element elementor-element-1d7f0fc elementor-section-boxed elementor-section-height-default elementor-section-height-default\" data-id=\"1d7f0fc\" data-element_type=\"section\" data-e-type=\"section\">\n\t\t\t\t\t\t<div class=\"elementor-container elementor-column-gap-default\">\n\t\t\t\t\t<div class=\"elementor-column elementor-col-100 elementor-top-column elementor-element elementor-element-97051d9\" data-id=\"97051d9\" data-element_type=\"column\" data-e-type=\"column\">\n\t\t\t<div class=\"elementor-widget-wrap\">\n\t\t\t\t\t\t\t<\/div>\n\t\t<\/div>\n\t\t\t\t\t<\/div>\n\t\t<\/section>\n\t\t\t\t<section class=\"elementor-section elementor-top-section elementor-element elementor-element-c8d7c0e elementor-section-boxed elementor-section-height-default elementor-section-height-default\" data-id=\"c8d7c0e\" data-element_type=\"section\" data-e-type=\"section\">\n\t\t\t\t\t\t<div class=\"elementor-container elementor-column-gap-default\">\n\t\t\t\t\t<div class=\"elementor-column elementor-col-100 elementor-top-column elementor-element elementor-element-b816426\" data-id=\"b816426\" data-element_type=\"column\" data-e-type=\"column\">\n\t\t\t<div class=\"elementor-widget-wrap\">\n\t\t\t\t\t\t\t<\/div>\n\t\t<\/div>\n\t\t\t\t\t<\/div>\n\t\t<\/section>\n\t\t\t\t<\/div>\n\t\t","protected":false},"excerpt":{"rendered":"<p>Puunsyy puusep\u00e4nverstas Puunsyy on erikoispuunsep\u00e4nt\u00f6ihin erikoistunut puusep\u00e4nverstas Muuramessa Keski-Suomessa<\/p>\n","protected":false},"author":1,"featured_media":0,"parent":0,"menu_order":0,"comment_status":"closed","ping_status":"closed","template":"","meta":{"ocean_post_layout":"full-screen","ocean_both_sidebars_style":"","ocean_both_sidebars_content_width":0,"ocean_both_sidebars_sidebars_width":0,"ocean_sidebar":"0","ocean_second_sidebar":"0","ocean_disable_margins":"enable","ocean_add_body_class":"","ocean_shortcode_before_top_bar":"","ocean_shortcode_after_top_bar":"","ocean_shortcode_before_header":"","ocean_shortcode_after_header":"","ocean_has_shortcode":"","ocean_shortcode_after_title":"","ocean_shortcode_before_footer_widgets":"","ocean_shortcode_after_footer_widgets":"","ocean_shortcode_before_footer_bottom":"","ocean_shortcode_after_footer_bottom":"","ocean_display_top_bar":"default","ocean_display_header":"default","ocean_header_style":"","ocean_center_header_left_menu":"0","ocean_custom_header_template":"0","ocean_custom_logo":0,"ocean_custom_retina_logo":0,"ocean_custom_logo_max_width":0,"ocean_custom_logo_tablet_max_width":0,"ocean_custom_logo_mobile_max_width":0,"ocean_custom_logo_max_height":0,"ocean_custom_logo_tablet_max_height":0,"ocean_custom_logo_mobile_max_height":0,"ocean_header_custom_menu":"0","ocean_menu_typo_font_family":"0","ocean_menu_typo_font_subset":"","ocean_menu_typo_font_size":0,"ocean_menu_typo_font_size_tablet":0,"ocean_menu_typo_font_size_mobile":0,"ocean_menu_typo_font_size_unit":"px","ocean_menu_typo_font_weight":"","ocean_menu_typo_font_weight_tablet":"","ocean_menu_typo_font_weight_mobile":"","ocean_menu_typo_transform":"","ocean_menu_typo_transform_tablet":"","ocean_menu_typo_transform_mobile":"","ocean_menu_typo_line_height":0,"ocean_menu_typo_line_height_tablet":0,"ocean_menu_typo_line_height_mobile":0,"ocean_menu_typo_line_height_unit":"","ocean_menu_typo_spacing":0,"ocean_menu_typo_spacing_tablet":0,"ocean_menu_typo_spacing_mobile":0,"ocean_menu_typo_spacing_unit":"","ocean_menu_link_color":"","ocean_menu_link_color_hover":"","ocean_menu_link_color_active":"","ocean_menu_link_background":"","ocean_menu_link_hover_background":"","ocean_menu_link_active_background":"","ocean_menu_social_links_bg":"","ocean_menu_social_hover_links_bg":"","ocean_menu_social_links_color":"","ocean_menu_social_hover_links_color":"","ocean_disable_title":"on","ocean_disable_heading":"default","ocean_post_title":"","ocean_post_subheading":"","ocean_post_title_style":"","ocean_post_title_background_color":"","ocean_post_title_background":0,"ocean_post_title_bg_image_position":"","ocean_post_title_bg_image_attachment":"","ocean_post_title_bg_image_repeat":"","ocean_post_title_bg_image_size":"","ocean_post_title_height":0,"ocean_post_title_bg_overlay":0.5,"ocean_post_title_bg_overlay_color":"","ocean_disable_breadcrumbs":"default","ocean_breadcrumbs_color":"","ocean_breadcrumbs_separator_color":"","ocean_breadcrumbs_links_color":"","ocean_breadcrumbs_links_hover_color":"","ocean_display_footer_widgets":"default","ocean_display_footer_bottom":"default","ocean_custom_footer_template":"0","footnotes":""},"class_list":["post-70","page","type-page","status-publish","hentry","entry"],"yoast_head":"<!-- This site is optimized with the Yoast SEO plugin v27.3 - https:\/\/yoast.com\/product\/yoast-seo-wordpress\/ -->\n<title>Etusivu - Puunsyy<\/title>\n<meta name=\"description\" content=\"Puunsyy on Muuramessa sijaitseva Puusep\u00e4nverstas\" \/>\n<meta name=\"robots\" content=\"index, follow, max-snippet:-1, max-image-preview:large, max-video-preview:-1\" \/>\n<link rel=\"canonical\" href=\"https:\/\/kivitasku.com\/puunsyy\/\" \/>\n<meta property=\"og:locale\" content=\"fi_FI\" \/>\n<meta property=\"og:type\" content=\"article\" \/>\n<meta property=\"og:title\" content=\"Etusivu - Puunsyy\" \/>\n<meta property=\"og:description\" content=\"Puunsyy on Muuramessa sijaitseva Puusep\u00e4nverstas\" \/>\n<meta property=\"og:url\" content=\"https:\/\/kivitasku.com\/puunsyy\/\" \/>\n<meta property=\"og:site_name\" content=\"Puunsyy\" \/>\n<meta property=\"article:modified_time\" content=\"2025-01-15T09:46:07+00:00\" \/>\n<meta property=\"og:image\" content=\"https:\/\/kivitasku.com\/puunsyy\/wp-content\/uploads\/sites\/3\/2020\/02\/verstas.png\" \/>\n\t<meta property=\"og:image:width\" content=\"650\" \/>\n\t<meta property=\"og:image:height\" content=\"386\" \/>\n\t<meta property=\"og:image:type\" content=\"image\/png\" \/>\n<meta name=\"twitter:card\" content=\"summary_large_image\" \/>\n<meta name=\"twitter:label1\" content=\"Arvioitu lukuaika\" \/>\n\t<meta name=\"twitter:data1\" content=\"1 minuutti\" \/>\n<script type=\"application\/ld+json\" class=\"yoast-schema-graph\">{\"@context\":\"https:\\\/\\\/schema.org\",\"@graph\":[{\"@type\":\"WebPage\",\"@id\":\"https:\\\/\\\/kivitasku.com\\\/puunsyy\\\/\",\"url\":\"https:\\\/\\\/kivitasku.com\\\/puunsyy\\\/\",\"name\":\"Etusivu - Puunsyy\",\"isPartOf\":{\"@id\":\"https:\\\/\\\/kivitasku.com\\\/puunsyy\\\/#website\"},\"primaryImageOfPage\":{\"@id\":\"https:\\\/\\\/kivitasku.com\\\/puunsyy\\\/#primaryimage\"},\"image\":{\"@id\":\"https:\\\/\\\/kivitasku.com\\\/puunsyy\\\/#primaryimage\"},\"thumbnailUrl\":\"https:\\\/\\\/kivitasku.com\\\/puunsyy\\\/wp-content\\\/uploads\\\/sites\\\/3\\\/2020\\\/02\\\/verstas-300x178.png\",\"datePublished\":\"2020-01-28T11:49:29+00:00\",\"dateModified\":\"2025-01-15T09:46:07+00:00\",\"description\":\"Puunsyy on Muuramessa sijaitseva Puusep\u00e4nverstas\",\"breadcrumb\":{\"@id\":\"https:\\\/\\\/kivitasku.com\\\/puunsyy\\\/#breadcrumb\"},\"inLanguage\":\"fi\",\"potentialAction\":[{\"@type\":\"ReadAction\",\"target\":[\"https:\\\/\\\/kivitasku.com\\\/puunsyy\\\/\"]}]},{\"@type\":\"ImageObject\",\"inLanguage\":\"fi\",\"@id\":\"https:\\\/\\\/kivitasku.com\\\/puunsyy\\\/#primaryimage\",\"url\":\"https:\\\/\\\/kivitasku.com\\\/puunsyy\\\/wp-content\\\/uploads\\\/sites\\\/3\\\/2020\\\/02\\\/verstas.png\",\"contentUrl\":\"https:\\\/\\\/kivitasku.com\\\/puunsyy\\\/wp-content\\\/uploads\\\/sites\\\/3\\\/2020\\\/02\\\/verstas.png\",\"width\":650,\"height\":386},{\"@type\":\"BreadcrumbList\",\"@id\":\"https:\\\/\\\/kivitasku.com\\\/puunsyy\\\/#breadcrumb\",\"itemListElement\":[{\"@type\":\"ListItem\",\"position\":1,\"name\":\"Home\",\"item\":\"https:\\\/\\\/kivitasku.com\\\/puunsyy\\\/\"},{\"@type\":\"ListItem\",\"position\":2,\"name\":\"Etusivu\"}]},{\"@type\":\"WebSite\",\"@id\":\"https:\\\/\\\/kivitasku.com\\\/puunsyy\\\/#website\",\"url\":\"https:\\\/\\\/kivitasku.com\\\/puunsyy\\\/\",\"name\":\"Puunsyy\",\"description\":\"Puusep\u00e4nverstas Puunsyy\",\"potentialAction\":[{\"@type\":\"SearchAction\",\"target\":{\"@type\":\"EntryPoint\",\"urlTemplate\":\"https:\\\/\\\/kivitasku.com\\\/puunsyy\\\/?s={search_term_string}\"},\"query-input\":{\"@type\":\"PropertyValueSpecification\",\"valueRequired\":true,\"valueName\":\"search_term_string\"}}],\"inLanguage\":\"fi\"}]}<\/script>\n<!-- \/ Yoast SEO plugin. -->","yoast_head_json":{"title":"Etusivu - Puunsyy","description":"Puunsyy on Muuramessa sijaitseva Puusep\u00e4nverstas","robots":{"index":"index","follow":"follow","max-snippet":"max-snippet:-1","max-image-preview":"max-image-preview:large","max-video-preview":"max-video-preview:-1"},"canonical":"https:\/\/kivitasku.com\/puunsyy\/","og_locale":"fi_FI","og_type":"article","og_title":"Etusivu - Puunsyy","og_description":"Puunsyy on Muuramessa sijaitseva Puusep\u00e4nverstas","og_url":"https:\/\/kivitasku.com\/puunsyy\/","og_site_name":"Puunsyy","article_modified_time":"2025-01-15T09:46:07+00:00","og_image":[{"width":650,"height":386,"url":"https:\/\/kivitasku.com\/puunsyy\/wp-content\/uploads\/sites\/3\/2020\/02\/verstas.png","type":"image\/png"}],"twitter_card":"summary_large_image","twitter_misc":{"Arvioitu lukuaika":"1 minuutti"},"schema":{"@context":"https:\/\/schema.org","@graph":[{"@type":"WebPage","@id":"https:\/\/kivitasku.com\/puunsyy\/","url":"https:\/\/kivitasku.com\/puunsyy\/","name":"Etusivu - Puunsyy","isPartOf":{"@id":"https:\/\/kivitasku.com\/puunsyy\/#website"},"primaryImageOfPage":{"@id":"https:\/\/kivitasku.com\/puunsyy\/#primaryimage"},"image":{"@id":"https:\/\/kivitasku.com\/puunsyy\/#primaryimage"},"thumbnailUrl":"https:\/\/kivitasku.com\/puunsyy\/wp-content\/uploads\/sites\/3\/2020\/02\/verstas-300x178.png","datePublished":"2020-01-28T11:49:29+00:00","dateModified":"2025-01-15T09:46:07+00:00","description":"Puunsyy on Muuramessa sijaitseva Puusep\u00e4nverstas","breadcrumb":{"@id":"https:\/\/kivitasku.com\/puunsyy\/#breadcrumb"},"inLanguage":"fi","potentialAction":[{"@type":"ReadAction","target":["https:\/\/kivitasku.com\/puunsyy\/"]}]},{"@type":"ImageObject","inLanguage":"fi","@id":"https:\/\/kivitasku.com\/puunsyy\/#primaryimage","url":"https:\/\/kivitasku.com\/puunsyy\/wp-content\/uploads\/sites\/3\/2020\/02\/verstas.png","contentUrl":"https:\/\/kivitasku.com\/puunsyy\/wp-content\/uploads\/sites\/3\/2020\/02\/verstas.png","width":650,"height":386},{"@type":"BreadcrumbList","@id":"https:\/\/kivitasku.com\/puunsyy\/#breadcrumb","itemListElement":[{"@type":"ListItem","position":1,"name":"Home","item":"https:\/\/kivitasku.com\/puunsyy\/"},{"@type":"ListItem","position":2,"name":"Etusivu"}]},{"@type":"WebSite","@id":"https:\/\/kivitasku.com\/puunsyy\/#website","url":"https:\/\/kivitasku.com\/puunsyy\/","name":"Puunsyy","description":"Puusep\u00e4nverstas Puunsyy","potentialAction":[{"@type":"SearchAction","target":{"@type":"EntryPoint","urlTemplate":"https:\/\/kivitasku.com\/puunsyy\/?s={search_term_string}"},"query-input":{"@type":"PropertyValueSpecification","valueRequired":true,"valueName":"search_term_string"}}],"inLanguage":"fi"}]}},"_links":{"self":[{"href":"https:\/\/kivitasku.com\/puunsyy\/wp-json\/wp\/v2\/pages\/70","targetHints":{"allow":["GET"]}}],"collection":[{"href":"https:\/\/kivitasku.com\/puunsyy\/wp-json\/wp\/v2\/pages"}],"about":[{"href":"https:\/\/kivitasku.com\/puunsyy\/wp-json\/wp\/v2\/types\/page"}],"author":[{"embeddable":true,"href":"https:\/\/kivitasku.com\/puunsyy\/wp-json\/wp\/v2\/users\/1"}],"replies":[{"embeddable":true,"href":"https:\/\/kivitasku.com\/puunsyy\/wp-json\/wp\/v2\/comments?post=70"}],"version-history":[{"count":63,"href":"https:\/\/kivitasku.com\/puunsyy\/wp-json\/wp\/v2\/pages\/70\/revisions"}],"predecessor-version":[{"id":408,"href":"https:\/\/kivitasku.com\/puunsyy\/wp-json\/wp\/v2\/pages\/70\/revisions\/408"}],"wp:attachment":[{"href":"https:\/\/kivitasku.com\/puunsyy\/wp-json\/wp\/v2\/media?parent=70"}],"curies":[{"name":"wp","href":"https:\/\/api.w.org\/{rel}","templated":true}]}}